{"id":167,"date":"2023-01-16T12:24:41","date_gmt":"2023-01-16T11:24:41","guid":{"rendered":"http:\/\/zithaaktiv.lu\/contact\/"},"modified":"2023-02-08T12:01:18","modified_gmt":"2023-02-08T11:01:18","slug":"kontakt","status":"publish","type":"page","link":"https:\/\/zithaaktiv.lu\/de\/kontakt\/","title":{"rendered":"Kontakt"},"content":{"rendered":"<section class=\"wpb-content-wrapper\"><p>[vc_section full_width=&#8220;stretch_row_content&#8220; el_id=&#8220;intro&#8220; css=&#8220;.vc_custom_1673964610197{background-image: url(\/wp-content\/uploads\/2023\/01\/Group-643.jpg?id=74) !important;}&#8220;][vc_row full_width=&#8220;stretch_row_content_no_spaces&#8220;][vc_column][vc_single_image image=&#8220;74&#8243; img_size=&#8220;full&#8220; alignment=&#8220;center&#8220; css=&#8220;.vc_custom_1673964627208{margin-bottom: 0px !important;}&#8220;][\/vc_column][\/vc_row][\/vc_section][vc_section][vc_row][vc_column][vc_column_text]<\/p>\n<h1 class=\"al-center ff-robo-thin\">Kontakt<\/h1>\n<p>[\/vc_column_text][\/vc_column][\/vc_row][\/vc_section][vc_section el_class=&#8220;bot-mar-3&#8243;][vc_row][vc_column][vc_column_text]<\/p>\n<h2>Kontaktieren Sie uns<\/h2>\n<p>[\/vc_column_text][\/vc_column][\/vc_row][vc_row equal_height=&#8220;yes&#8220;][vc_column width=&#8220;1\/3&#8243;]\n<div class=\"wpcf7 no-js\" id=\"wpcf7-f163-o1\" lang=\"en-US\" dir=\"ltr\">\n<div class=\"screen-reader-response\"><p role=\"status\" aria-live=\"polite\" aria-atomic=\"true\"><\/p> <ul><\/ul><\/div>\n<form action=\"\/de\/wp-json\/wp\/v2\/pages\/167#wpcf7-f163-o1\" method=\"post\" class=\"wpcf7-form init\" aria-label=\"Contact form\" novalidate=\"novalidate\" data-status=\"init\">\n<div style=\"display: none;\">\n<input type=\"hidden\" name=\"_wpcf7\" value=\"163\" \/>\n<input type=\"hidden\" name=\"_wpcf7_version\" value=\"5.7.7\" \/>\n<input type=\"hidden\" name=\"_wpcf7_locale\" value=\"en_US\" \/>\n<input type=\"hidden\" name=\"_wpcf7_unit_tag\" value=\"wpcf7-f163-o1\" \/>\n<input type=\"hidden\" name=\"_wpcf7_container_post\" value=\"0\" \/>\n<input type=\"hidden\" name=\"_wpcf7_posted_data_hash\" value=\"\" \/>\n<input type=\"hidden\" name=\"_wpcf7_recaptcha_response\" value=\"\" \/>\n<\/div>\n<p><label>Name<\/label><span class=\"wpcf7-form-control-wrap\" data-name=\"your-name\"><input size=\"40\" class=\"wpcf7-form-control wpcf7-text wpcf7-validates-as-required\" autocomplete=\"name\" aria-required=\"true\" aria-invalid=\"false\" value=\"\" type=\"text\" name=\"your-name\" \/><\/span><br \/>\n<label>Vorname<\/label><span class=\"wpcf7-form-control-wrap\" data-name=\"your-first-name\"><input size=\"40\" class=\"wpcf7-form-control wpcf7-text wpcf7-validates-as-required\" aria-required=\"true\" aria-invalid=\"false\" value=\"\" type=\"text\" name=\"your-first-name\" \/><\/span><br \/>\n<label>E-Mail Adresse<\/label><span class=\"wpcf7-form-control-wrap\" data-name=\"your-email\"><input size=\"40\" class=\"wpcf7-form-control wpcf7-text wpcf7-email wpcf7-validates-as-required wpcf7-validates-as-email\" autocomplete=\"email\" aria-required=\"true\" aria-invalid=\"false\" value=\"\" type=\"email\" name=\"your-email\" \/><\/span><br \/>\n<label>Betreff<\/label><span class=\"wpcf7-form-control-wrap\" data-name=\"your-subject\"><input size=\"40\" class=\"wpcf7-form-control wpcf7-text wpcf7-validates-as-required\" aria-required=\"true\" aria-invalid=\"false\" value=\"\" type=\"text\" name=\"your-subject\" \/><\/span><br \/>\n<label>Ihre Nachricht<\/label><span class=\"wpcf7-form-control-wrap\" data-name=\"your-message\"><textarea cols=\"40\" rows=\"10\" class=\"wpcf7-form-control wpcf7-textarea wpcf7-validates-as-required\" aria-required=\"true\" aria-invalid=\"false\" name=\"your-message\"><\/textarea><\/span>\n<\/p>\n<p><input class=\"wpcf7-form-control has-spinner wpcf7-submit\" type=\"submit\" value=\"Versenden\" \/>\n<\/p><input type='hidden' class='wpcf7-pum' value='{\"closepopup\":false,\"closedelay\":0,\"openpopup\":false,\"openpopup_id\":0}' \/><div class=\"wpcf7-response-output\" aria-hidden=\"true\"><\/div>\n<\/form>\n<\/div>\n[\/vc_column][vc_column width=&#8220;1\/3&#8243;][vc_column_text]F\u00fcr weitere Informationen kontaktieren Sie uns bitte per Telefon, E-Mail oder f\u00fcllen Sie das nebenstehende Formular aus.<\/p>\n<p>Wir werden uns umgehend bei Ihnen melden.[\/vc_column_text][vc_column_text]<strong>ZithaAktiv<\/strong><br \/>\n13 rue Michel Rodange<br \/>\nL-2430 Luxemburg-Ville<\/p>\n<p>Tel.: <a href=\"tel:+352401442233\">40 144 2233<\/a><br \/>\nE-mail: <a href=\"mailto:zithaaktiv@zitha.lu\">zithaaktiv@zitha.lu<\/a><\/p>\n<p><strong>Stellenangebote:<\/strong><br \/>\nF\u00fcr unsere Stellenangebote und das Senden Ihrer Bewerbung bitten wir Sie, unsere Website zu besuchen: <a href=\"https:\/\/jobs.zitha.lu\" target=\"_blank\" rel=\"nofollow noopener\">jobs.zitha.lu<\/a>[\/vc_column_text][\/vc_column][vc_column width=&#8220;1\/3&#8243;][vc_gmaps link=&#8220;#E-8_JTNDaWZyYW1lJTIwc3JjJTNEJTIyaHR0cHMlM0ElMkYlMkZ3d3cuZ29vZ2xlLmNvbSUyRm1hcHMlMkZlbWJlZCUzRnBiJTNEJTIxMW0xNCUyMTFtOCUyMTFtMyUyMTFkNTE3MS4yNTQ1OTQyMzc1MzU1JTIxMmQ2LjEyNjk5NDgxOTA0OTA3MiUyMTNkNDkuNjA0Nzc3NDU3NTUyOTYlMjEzbTIlMjExaTEwMjQlMjEyaTc2OCUyMTRmMTMuMSUyMTNtMyUyMTFtMiUyMTFzMHg0Nzk1NDhkNmI1ZjM5ZWRkJTI1M0EweDcwMjk2MzE1OTRjZDM2ZmUlMjEyc1ppdGhhQWt0aXYlMjE1ZTAlMjEzbTIlMjExc2VuJTIxMnNsdSUyMTR2MTY3Mzk2NDg0MDE4MiUyMTVtMiUyMTFzZW4lMjEyc2x1JTIyJTIwd2lkdGglM0QlMjI2MDAlMjIlMjBoZWlnaHQlM0QlMjI0NTAlMjIlMjBzdHlsZSUzRCUyMmJvcmRlciUzQTAlM0IlMjIlMjBhbGxvd2Z1bGxzY3JlZW4lM0QlMjIlMjIlMjBsb2FkaW5nJTNEJTIybGF6eSUyMiUyMHJlZmVycmVycG9saWN5JTNEJTIybm8tcmVmZXJyZXItd2hlbi1kb3duZ3JhZGUlMjIlM0UlM0MlMkZpZnJhbWUlM0U=&#8220; size=&#8220;&#8220; css=&#8220;.vc_custom_1673964860149{margin-bottom: 0px !important;}&#8220;][\/vc_column][\/vc_row][\/vc_section]<\/p>\n<\/section>","protected":false},"excerpt":{"rendered":"<p>[vc_section full_width=&#8220;stretch_row_content&#8220; el_id=&#8220;intro&#8220; css=&#8220;.vc_custom_1673964610197{background-image: url(\/wp-content\/uploads\/2023\/01\/Group-643.jpg?id=74) !important;}&#8220;][vc_row full_width=&#8220;stretch_row_content_no_spaces&#8220;][vc_column][vc_single_image image=&#8220;74&#8243; img_size=&#8220;full&#8220; alignment=&#8220;center&#8220; css=&#8220;.vc_custom_1673964627208{margin-bottom: 0px !important;}&#8220;][\/vc_column][\/vc_row][\/vc_section][vc_section][vc_row][vc_column][vc_column_text] Kontakt [\/vc_column_text][\/vc_column][\/vc_row][\/vc_section][vc_section el_class=&#8220;bot-mar-3&#8243;][vc_row][vc_column][vc_column_text] Kontaktieren Sie uns [\/vc_column_text][\/vc_column][\/vc_row][vc_row equal_height=&#8220;yes&#8220;][vc_column width=&#8220;1\/3&#8243;][\/vc_column][vc_column width=&#8220;1\/3&#8243;][vc_column_text]F\u00fcr weitere Informationen kontaktieren<span class=\"excerpt-hellip\"> [\u2026]<\/span><\/p>\n","protected":false},"author":1,"featured_media":0,"parent":0,"menu_order":0,"comment_status":"closed","ping_status":"closed","template":"","meta":{"footnotes":""},"class_list":["post-167","page","type-page","status-publish","hentry"],"yoast_head":"<!-- This site is optimized with the Yoast SEO plugin v20.12 - https:\/\/yoast.com\/wordpress\/plugins\/seo\/ -->\n<title>Contact |\u00a0ZithaAktiv, nos coordonn\u00e9es et nos locaux<\/title>\n<meta name=\"description\" content=\"Contactez-nous par t\u00e9l\u00e9phone ou par e-mail et prenez rendez-vous avec nos sp\u00e9cialistes exp\u00e9riment\u00e9s. Nous nous r\u00e9jouissons de pouvoir vous assister.\" \/>\n<meta name=\"robots\" content=\"index, follow, max-snippet:-1, max-image-preview:large, max-video-preview:-1\" \/>\n<link rel=\"canonical\" href=\"https:\/\/zithaaktiv.lu\/de\/kontakt\/\" \/>\n<meta property=\"og:locale\" content=\"de_DE\" \/>\n<meta property=\"og:type\" content=\"article\" \/>\n<meta property=\"og:title\" content=\"Contact |\u00a0ZithaAktiv, nos coordonn\u00e9es et nos locaux\" \/>\n<meta property=\"og:description\" content=\"Contactez-nous par t\u00e9l\u00e9phone ou par e-mail et prenez rendez-vous avec nos sp\u00e9cialistes exp\u00e9riment\u00e9s. Nous nous r\u00e9jouissons de pouvoir vous assister.\" \/>\n<meta property=\"og:url\" content=\"https:\/\/zithaaktiv.lu\/de\/kontakt\/\" \/>\n<meta property=\"og:site_name\" content=\"Zitha Aktiv\" \/>\n<meta property=\"article:modified_time\" content=\"2023-02-08T11:01:18+00:00\" \/>\n<meta name=\"twitter:card\" content=\"summary_large_image\" \/>\n<meta name=\"twitter:label1\" content=\"Gesch\u00e4tzte Lesezeit\" \/>\n\t<meta name=\"twitter:data1\" content=\"1\u00a0Minute\" \/>\n<script type=\"application\/ld+json\" class=\"yoast-schema-graph\">{\"@context\":\"https:\/\/schema.org\",\"@graph\":[{\"@type\":\"WebPage\",\"@id\":\"https:\/\/zithaaktiv.lu\/de\/kontakt\/\",\"url\":\"https:\/\/zithaaktiv.lu\/de\/kontakt\/\",\"name\":\"Contact |\u00a0ZithaAktiv, nos coordonn\u00e9es et nos locaux\",\"isPartOf\":{\"@id\":\"https:\/\/zithaaktiv.lu\/#website\"},\"datePublished\":\"2023-01-16T11:24:41+00:00\",\"dateModified\":\"2023-02-08T11:01:18+00:00\",\"description\":\"Contactez-nous par t\u00e9l\u00e9phone ou par e-mail et prenez rendez-vous avec nos sp\u00e9cialistes exp\u00e9riment\u00e9s. Nous nous r\u00e9jouissons de pouvoir vous assister.\",\"breadcrumb\":{\"@id\":\"https:\/\/zithaaktiv.lu\/de\/kontakt\/#breadcrumb\"},\"inLanguage\":\"de\",\"potentialAction\":[{\"@type\":\"ReadAction\",\"target\":[\"https:\/\/zithaaktiv.lu\/de\/kontakt\/\"]}]},{\"@type\":\"BreadcrumbList\",\"@id\":\"https:\/\/zithaaktiv.lu\/de\/kontakt\/#breadcrumb\",\"itemListElement\":[{\"@type\":\"ListItem\",\"position\":1,\"name\":\"Home\",\"item\":\"https:\/\/zithaaktiv.lu\/de\/\"},{\"@type\":\"ListItem\",\"position\":2,\"name\":\"Kontakt\"}]},{\"@type\":\"WebSite\",\"@id\":\"https:\/\/zithaaktiv.lu\/#website\",\"url\":\"https:\/\/zithaaktiv.lu\/\",\"name\":\"Zitha Aktiv\",\"description\":\"\",\"inLanguage\":\"de\"}]}<\/script>\n<!-- \/ Yoast SEO plugin. -->","yoast_head_json":{"title":"Contact |\u00a0ZithaAktiv, nos coordonn\u00e9es et nos locaux","description":"Contactez-nous par t\u00e9l\u00e9phone ou par e-mail et prenez rendez-vous avec nos sp\u00e9cialistes exp\u00e9riment\u00e9s. Nous nous r\u00e9jouissons de pouvoir vous assister.","robots":{"index":"index","follow":"follow","max-snippet":"max-snippet:-1","max-image-preview":"max-image-preview:large","max-video-preview":"max-video-preview:-1"},"canonical":"https:\/\/zithaaktiv.lu\/de\/kontakt\/","og_locale":"de_DE","og_type":"article","og_title":"Contact |\u00a0ZithaAktiv, nos coordonn\u00e9es et nos locaux","og_description":"Contactez-nous par t\u00e9l\u00e9phone ou par e-mail et prenez rendez-vous avec nos sp\u00e9cialistes exp\u00e9riment\u00e9s. Nous nous r\u00e9jouissons de pouvoir vous assister.","og_url":"https:\/\/zithaaktiv.lu\/de\/kontakt\/","og_site_name":"Zitha Aktiv","article_modified_time":"2023-02-08T11:01:18+00:00","twitter_card":"summary_large_image","twitter_misc":{"Gesch\u00e4tzte Lesezeit":"1\u00a0Minute"},"schema":{"@context":"https:\/\/schema.org","@graph":[{"@type":"WebPage","@id":"https:\/\/zithaaktiv.lu\/de\/kontakt\/","url":"https:\/\/zithaaktiv.lu\/de\/kontakt\/","name":"Contact |\u00a0ZithaAktiv, nos coordonn\u00e9es et nos locaux","isPartOf":{"@id":"https:\/\/zithaaktiv.lu\/#website"},"datePublished":"2023-01-16T11:24:41+00:00","dateModified":"2023-02-08T11:01:18+00:00","description":"Contactez-nous par t\u00e9l\u00e9phone ou par e-mail et prenez rendez-vous avec nos sp\u00e9cialistes exp\u00e9riment\u00e9s. Nous nous r\u00e9jouissons de pouvoir vous assister.","breadcrumb":{"@id":"https:\/\/zithaaktiv.lu\/de\/kontakt\/#breadcrumb"},"inLanguage":"de","potentialAction":[{"@type":"ReadAction","target":["https:\/\/zithaaktiv.lu\/de\/kontakt\/"]}]},{"@type":"BreadcrumbList","@id":"https:\/\/zithaaktiv.lu\/de\/kontakt\/#breadcrumb","itemListElement":[{"@type":"ListItem","position":1,"name":"Home","item":"https:\/\/zithaaktiv.lu\/de\/"},{"@type":"ListItem","position":2,"name":"Kontakt"}]},{"@type":"WebSite","@id":"https:\/\/zithaaktiv.lu\/#website","url":"https:\/\/zithaaktiv.lu\/","name":"Zitha Aktiv","description":"","inLanguage":"de"}]}},"_links":{"self":[{"href":"https:\/\/zithaaktiv.lu\/de\/wp-json\/wp\/v2\/pages\/167","targetHints":{"allow":["GET"]}}],"collection":[{"href":"https:\/\/zithaaktiv.lu\/de\/wp-json\/wp\/v2\/pages"}],"about":[{"href":"https:\/\/zithaaktiv.lu\/de\/wp-json\/wp\/v2\/types\/page"}],"author":[{"embeddable":true,"href":"https:\/\/zithaaktiv.lu\/de\/wp-json\/wp\/v2\/users\/1"}],"replies":[{"embeddable":true,"href":"https:\/\/zithaaktiv.lu\/de\/wp-json\/wp\/v2\/comments?post=167"}],"version-history":[{"count":2,"href":"https:\/\/zithaaktiv.lu\/de\/wp-json\/wp\/v2\/pages\/167\/revisions"}],"predecessor-version":[{"id":169,"href":"https:\/\/zithaaktiv.lu\/de\/wp-json\/wp\/v2\/pages\/167\/revisions\/169"}],"wp:attachment":[{"href":"https:\/\/zithaaktiv.lu\/de\/wp-json\/wp\/v2\/media?parent=167"}],"curies":[{"name":"wp","href":"https:\/\/api.w.org\/{rel}","templated":true}]}}