{"id":183,"date":"2023-01-16T12:23:26","date_gmt":"2023-01-16T11:23:26","guid":{"rendered":"http:\/\/zithaaktiv.lu\/diagnostic\/"},"modified":"2023-02-10T10:21:18","modified_gmt":"2023-02-10T09:21:18","slug":"diagnostik","status":"publish","type":"page","link":"https:\/\/zithaaktiv.lu\/de\/diagnostik\/","title":{"rendered":"Diagnostik"},"content":{"rendered":"<section class=\"wpb-content-wrapper\"><p>[vc_section full_width=&#8220;stretch_row_content&#8220; el_id=&#8220;intro&#8220; css=&#8220;.vc_custom_1674565705709{background-image: url(\/wp-content\/uploads\/2023\/01\/Group-472.jpg?id=115) !important;}&#8220;][vc_row full_width=&#8220;stretch_row_content_no_spaces&#8220;][vc_column][vc_single_image image=&#8220;115&#8243; img_size=&#8220;full&#8220; alignment=&#8220;center&#8220; css=&#8220;.vc_custom_1674565678823{margin-bottom: 0px !important;}&#8220;][\/vc_column][\/vc_row][\/vc_section][vc_section][vc_row][vc_column][vc_column_text]<\/p>\n<h1 class=\"al-center ff-robo-thin\">Diagnostik<\/h1>\n<p>[\/vc_column_text][\/vc_column][\/vc_row][\/vc_section][vc_section full_width=&#8220;stretch_row_content&#8220; el_class=&#8220;offer-sec&#8220; css=&#8220;.vc_custom_1674565746314{background-image: url(\/wp-content\/uploads\/2023\/01\/P1.png?id=86) !important;}&#8220; el_id=&#8220;neuropsychologie&#8220;][vc_row full_width=&#8220;stretch_row_content_no_spaces&#8220; equal_height=&#8220;yes&#8220; el_class=&#8220;offer-top-row&#8220;][vc_column width=&#8220;2\/5&#8243;][vc_single_image image=&#8220;113&#8243; img_size=&#8220;full&#8220; el_class=&#8220;no-space-img&#8220;][\/vc_column][vc_column width=&#8220;3\/5&#8243;][vc_column_text]<\/p>\n<h2 class=\"ff-robo-thin\">Neuropsychologische Untersuchung<\/h2>\n<p>[\/vc_column_text][vc_column_text el_class=&#8220;top-mar-1&#8243;]Die neuropsychologische Untersuchung beginnt mit einem Gespr\u00e4ch, in dem Informationen \u00fcber den Grund der Beratung und \u00fcber die Biografie des Patienten gesammelt werden. Diese Informationen erm\u00f6glichen es, die Befundung auf die vom Patienten angesprochenen Probleme abzustimmen und erste Faktoren zu erfassen, die f\u00fcr die Diagnose verwendet werden k\u00f6nnen.<\/p>\n<p>Die Durchf\u00fchrung einer Reihe von neuropsychologischen Tests erm\u00f6glicht es, die Beeintr\u00e4chtigung verschiedener kognitiver Funktionen festzustellen und das Ged\u00e4chtnis, die Aufmerksamkeit, die Organisationsf\u00e4higkeiten, die Sprache, die Gestik usw. zu bewerten.<\/p>\n<p>Wenn die Evaluierung abgeschlossen ist, muss die Neuropsychologin die erzielten Ergebnisse &#8222;benoten&#8220;, d. h. sie vergleicht die Ergebnisse des Patienten mit denen von Personen desselben Alters und desselben soziokulturellen Niveaus. Anschlie\u00dfend interpretiert sie diese Ergebnisse im Hinblick auf die beobachteten klinischen Elemente und verfasst einen Bericht f\u00fcr den Arzt, der die Untersuchung veranlasst hat.[\/vc_column_text][\/vc_column][\/vc_row][vc_row full_width=&#8220;stretch_row_content_no_spaces&#8220; el_class=&#8220;offer-green-row&#8220;][vc_column][vc_single_image image=&#8220;84&#8243; img_size=&#8220;full&#8220; alignment=&#8220;right&#8220; el_class=&#8220;offer-green-bar no-space-img&#8220;][\/vc_column][\/vc_row][vc_row equal_height=&#8220;yes&#8220; el_class=&#8220;offer-detail-row offer-detail-bigger-row&#8220;][vc_column width=&#8220;1\/6&#8243;][\/vc_column][vc_column width=&#8220;2\/3&#8243;][vc_column_text]<\/p>\n<ul class=\"white\">\n<li>Eine neuropsychologische Evaluierung mit einem ausf\u00fchrlichen Bericht f\u00fcr Ihren behandelnden Arzt<\/li>\n<li>Der Schwerpunkt liegt auf der Beurteilung von Ged\u00e4chtnis- und Konzentrationsst\u00f6rungen<\/li>\n<li>Elektronische Ganganalyse (GAITRite\u00ae) bei Bedarf<\/li>\n<li>F\u00fcr jede neuropsychologische Untersuchung wird eine \u00e4rztliche Verordnung empfohlen, ist aber nicht unbedingt erforderlich<\/li>\n<\/ul>\n<p>[\/vc_column_text][\/vc_column][vc_column width=&#8220;1\/6&#8243;][\/vc_column][\/vc_row][\/vc_section]<\/p>\n<\/section>","protected":false},"excerpt":{"rendered":"<p>[vc_section full_width=&#8220;stretch_row_content&#8220; el_id=&#8220;intro&#8220; css=&#8220;.vc_custom_1674565705709{background-image: url(\/wp-content\/uploads\/2023\/01\/Group-472.jpg?id=115) !important;}&#8220;][vc_row full_width=&#8220;stretch_row_content_no_spaces&#8220;][vc_column][vc_single_image image=&#8220;115&#8243; img_size=&#8220;full&#8220; alignment=&#8220;center&#8220; css=&#8220;.vc_custom_1674565678823{margin-bottom: 0px !important;}&#8220;][\/vc_column][\/vc_row][\/vc_section][vc_section][vc_row][vc_column][vc_column_text] Diagnostik [\/vc_column_text][\/vc_column][\/vc_row][\/vc_section][vc_section full_width=&#8220;stretch_row_content&#8220; el_class=&#8220;offer-sec&#8220; css=&#8220;.vc_custom_1674565746314{background-image: url(\/wp-content\/uploads\/2023\/01\/P1.png?id=86) !important;}&#8220; el_id=&#8220;neuropsychologie&#8220;][vc_row full_width=&#8220;stretch_row_content_no_spaces&#8220; equal_height=&#8220;yes&#8220; el_class=&#8220;offer-top-row&#8220;][vc_column width=&#8220;2\/5&#8243;][vc_single_image image=&#8220;113&#8243;<span class=\"excerpt-hellip\"> [\u2026]<\/span><\/p>\n","protected":false},"author":1,"featured_media":0,"parent":0,"menu_order":0,"comment_status":"closed","ping_status":"closed","template":"","meta":{"footnotes":""},"class_list":["post-183","page","type-page","status-publish","hentry"],"yoast_head":"<!-- This site is optimized with the Yoast SEO plugin v20.12 - https:\/\/yoast.com\/wordpress\/plugins\/seo\/ -->\n<title>Diagnostik - Zitha Aktiv<\/title>\n<meta name=\"robots\" content=\"index, follow, max-snippet:-1, max-image-preview:large, max-video-preview:-1\" \/>\n<link rel=\"canonical\" href=\"https:\/\/zithaaktiv.lu\/de\/diagnostik\/\" \/>\n<meta property=\"og:locale\" content=\"de_DE\" \/>\n<meta property=\"og:type\" content=\"article\" \/>\n<meta property=\"og:title\" content=\"Diagnostik - Zitha Aktiv\" \/>\n<meta property=\"og:description\" content=\"[vc_section full_width=&#8220;stretch_row_content&#8220; el_id=&#8220;intro&#8220; css=&#8220;.vc_custom_1674565705709{background-image: url(\/wp-content\/uploads\/2023\/01\/Group-472.jpg?id=115) !important;}&#8220;][vc_row full_width=&#8220;stretch_row_content_no_spaces&#8220;][vc_column][vc_single_image image=&#8220;115&#8243; img_size=&#8220;full&#8220; alignment=&#8220;center&#8220; css=&#8220;.vc_custom_1674565678823{margin-bottom: 0px !important;}&#8220;][\/vc_column][\/vc_row][\/vc_section][vc_section][vc_row][vc_column][vc_column_text] Diagnostik [\/vc_column_text][\/vc_column][\/vc_row][\/vc_section][vc_section full_width=&#8220;stretch_row_content&#8220; el_class=&#8220;offer-sec&#8220; css=&#8220;.vc_custom_1674565746314{background-image: url(\/wp-content\/uploads\/2023\/01\/P1.png?id=86) !important;}&#8220; el_id=&#8220;neuropsychologie&#8220;][vc_row full_width=&#8220;stretch_row_content_no_spaces&#8220; equal_height=&#8220;yes&#8220; el_class=&#8220;offer-top-row&#8220;][vc_column width=&#8220;2\/5&#8243;][vc_single_image image=&#8220;113&#8243; [\u2026]\" \/>\n<meta property=\"og:url\" content=\"https:\/\/zithaaktiv.lu\/de\/diagnostik\/\" \/>\n<meta property=\"og:site_name\" content=\"Zitha Aktiv\" \/>\n<meta property=\"article:modified_time\" content=\"2023-02-10T09:21:18+00:00\" \/>\n<meta name=\"twitter:card\" content=\"summary_large_image\" \/>\n<meta name=\"twitter:label1\" content=\"Gesch\u00e4tzte Lesezeit\" \/>\n\t<meta name=\"twitter:data1\" content=\"1\u00a0Minute\" \/>\n<script type=\"application\/ld+json\" class=\"yoast-schema-graph\">{\"@context\":\"https:\/\/schema.org\",\"@graph\":[{\"@type\":\"WebPage\",\"@id\":\"https:\/\/zithaaktiv.lu\/de\/diagnostik\/\",\"url\":\"https:\/\/zithaaktiv.lu\/de\/diagnostik\/\",\"name\":\"Diagnostik - Zitha Aktiv\",\"isPartOf\":{\"@id\":\"https:\/\/zithaaktiv.lu\/#website\"},\"datePublished\":\"2023-01-16T11:23:26+00:00\",\"dateModified\":\"2023-02-10T09:21:18+00:00\",\"breadcrumb\":{\"@id\":\"https:\/\/zithaaktiv.lu\/de\/diagnostik\/#breadcrumb\"},\"inLanguage\":\"de\",\"potentialAction\":[{\"@type\":\"ReadAction\",\"target\":[\"https:\/\/zithaaktiv.lu\/de\/diagnostik\/\"]}]},{\"@type\":\"BreadcrumbList\",\"@id\":\"https:\/\/zithaaktiv.lu\/de\/diagnostik\/#breadcrumb\",\"itemListElement\":[{\"@type\":\"ListItem\",\"position\":1,\"name\":\"Home\",\"item\":\"https:\/\/zithaaktiv.lu\/de\/\"},{\"@type\":\"ListItem\",\"position\":2,\"name\":\"Diagnostik\"}]},{\"@type\":\"WebSite\",\"@id\":\"https:\/\/zithaaktiv.lu\/#website\",\"url\":\"https:\/\/zithaaktiv.lu\/\",\"name\":\"Zitha Aktiv\",\"description\":\"\",\"inLanguage\":\"de\"}]}<\/script>\n<!-- \/ Yoast SEO plugin. -->","yoast_head_json":{"title":"Diagnostik - Zitha Aktiv","robots":{"index":"index","follow":"follow","max-snippet":"max-snippet:-1","max-image-preview":"max-image-preview:large","max-video-preview":"max-video-preview:-1"},"canonical":"https:\/\/zithaaktiv.lu\/de\/diagnostik\/","og_locale":"de_DE","og_type":"article","og_title":"Diagnostik - Zitha Aktiv","og_description":"[vc_section full_width=&#8220;stretch_row_content&#8220; el_id=&#8220;intro&#8220; css=&#8220;.vc_custom_1674565705709{background-image: url(\/wp-content\/uploads\/2023\/01\/Group-472.jpg?id=115) !important;}&#8220;][vc_row full_width=&#8220;stretch_row_content_no_spaces&#8220;][vc_column][vc_single_image image=&#8220;115&#8243; img_size=&#8220;full&#8220; alignment=&#8220;center&#8220; css=&#8220;.vc_custom_1674565678823{margin-bottom: 0px !important;}&#8220;][\/vc_column][\/vc_row][\/vc_section][vc_section][vc_row][vc_column][vc_column_text] Diagnostik [\/vc_column_text][\/vc_column][\/vc_row][\/vc_section][vc_section full_width=&#8220;stretch_row_content&#8220; el_class=&#8220;offer-sec&#8220; css=&#8220;.vc_custom_1674565746314{background-image: url(\/wp-content\/uploads\/2023\/01\/P1.png?id=86) !important;}&#8220; el_id=&#8220;neuropsychologie&#8220;][vc_row full_width=&#8220;stretch_row_content_no_spaces&#8220; equal_height=&#8220;yes&#8220; el_class=&#8220;offer-top-row&#8220;][vc_column width=&#8220;2\/5&#8243;][vc_single_image image=&#8220;113&#8243; [\u2026]","og_url":"https:\/\/zithaaktiv.lu\/de\/diagnostik\/","og_site_name":"Zitha Aktiv","article_modified_time":"2023-02-10T09:21:18+00:00","twitter_card":"summary_large_image","twitter_misc":{"Gesch\u00e4tzte Lesezeit":"1\u00a0Minute"},"schema":{"@context":"https:\/\/schema.org","@graph":[{"@type":"WebPage","@id":"https:\/\/zithaaktiv.lu\/de\/diagnostik\/","url":"https:\/\/zithaaktiv.lu\/de\/diagnostik\/","name":"Diagnostik - Zitha Aktiv","isPartOf":{"@id":"https:\/\/zithaaktiv.lu\/#website"},"datePublished":"2023-01-16T11:23:26+00:00","dateModified":"2023-02-10T09:21:18+00:00","breadcrumb":{"@id":"https:\/\/zithaaktiv.lu\/de\/diagnostik\/#breadcrumb"},"inLanguage":"de","potentialAction":[{"@type":"ReadAction","target":["https:\/\/zithaaktiv.lu\/de\/diagnostik\/"]}]},{"@type":"BreadcrumbList","@id":"https:\/\/zithaaktiv.lu\/de\/diagnostik\/#breadcrumb","itemListElement":[{"@type":"ListItem","position":1,"name":"Home","item":"https:\/\/zithaaktiv.lu\/de\/"},{"@type":"ListItem","position":2,"name":"Diagnostik"}]},{"@type":"WebSite","@id":"https:\/\/zithaaktiv.lu\/#website","url":"https:\/\/zithaaktiv.lu\/","name":"Zitha Aktiv","description":"","inLanguage":"de"}]}},"_links":{"self":[{"href":"https:\/\/zithaaktiv.lu\/de\/wp-json\/wp\/v2\/pages\/183","targetHints":{"allow":["GET"]}}],"collection":[{"href":"https:\/\/zithaaktiv.lu\/de\/wp-json\/wp\/v2\/pages"}],"about":[{"href":"https:\/\/zithaaktiv.lu\/de\/wp-json\/wp\/v2\/types\/page"}],"author":[{"embeddable":true,"href":"https:\/\/zithaaktiv.lu\/de\/wp-json\/wp\/v2\/users\/1"}],"replies":[{"embeddable":true,"href":"https:\/\/zithaaktiv.lu\/de\/wp-json\/wp\/v2\/comments?post=183"}],"version-history":[{"count":3,"href":"https:\/\/zithaaktiv.lu\/de\/wp-json\/wp\/v2\/pages\/183\/revisions"}],"predecessor-version":[{"id":219,"href":"https:\/\/zithaaktiv.lu\/de\/wp-json\/wp\/v2\/pages\/183\/revisions\/219"}],"wp:attachment":[{"href":"https:\/\/zithaaktiv.lu\/de\/wp-json\/wp\/v2\/media?parent=183"}],"curies":[{"name":"wp","href":"https:\/\/api.w.org\/{rel}","templated":true}]}}