{"id":187,"date":"2023-01-16T12:22:59","date_gmt":"2023-01-16T11:22:59","guid":{"rendered":"http:\/\/zithaaktiv.lu\/en-groupe\/"},"modified":"2026-02-02T18:16:02","modified_gmt":"2026-02-02T17:16:02","slug":"in-der-gruppe","status":"publish","type":"page","link":"https:\/\/zithaaktiv.lu\/de\/in-der-gruppe\/","title":{"rendered":"In der Gruppe"},"content":{"rendered":"<section class=\"wpb-content-wrapper\"><p>[vc_section full_width=&#8220;stretch_row_content&#8220; el_id=&#8220;intro&#8220; css=&#8220;.vc_custom_1674559927321{background-image: url(\/wp-content\/uploads\/2023\/01\/Group-637.jpg?id=79) !important;}&#8220;][vc_row full_width=&#8220;stretch_row_content_no_spaces&#8220;][vc_column][vc_single_image image=&#8220;79&#8243; img_size=&#8220;full&#8220; alignment=&#8220;center&#8220; css=&#8220;.vc_custom_1674559957349{margin-bottom: 0px !important;}&#8220;][\/vc_column][\/vc_row][\/vc_section][vc_section][vc_row][vc_column][vc_column_text]<\/p>\n<h1 class=\"al-center ff-robo-thin\">In der Gruppe<\/h1>\n<p>[\/vc_column_text][\/vc_column][\/vc_row][\/vc_section][vc_section full_width=&#8220;stretch_row_content&#8220; el_class=&#8220;offer-sec&#8220; css=&#8220;.vc_custom_1674561775671{background-image: url(\/wp-content\/uploads\/2023\/01\/P1.png?id=86) !important;}&#8220; el_id=&#8220;mobilfit&#8220;][vc_row full_width=&#8220;stretch_row_content_no_spaces&#8220; equal_height=&#8220;yes&#8220; el_class=&#8220;offer-top-row&#8220;][vc_column width=&#8220;2\/5&#8243;][vc_single_image image=&#8220;82&#8243; img_size=&#8220;full&#8220; el_class=&#8220;no-space-img&#8220;][\/vc_column][vc_column width=&#8220;3\/5&#8243;][vc_column_text]<\/p>\n<h3><strong>MOBILfit<\/strong><\/h3>\n<p>[\/vc_column_text][vc_column_text]Auf der Basis Ihrer F\u00e4higkeiten und Bed\u00fcrfnisse wird gemeinsam mit dem therapeutischen Team ein auf Sie abgestimmtes K\u00f6rpertrainingsprogramm erstellt. Ziel des Programms ist eine St\u00e4rkung Ihrer Motorik und Ausdauer.[\/vc_column_text][\/vc_column][\/vc_row][vc_row full_width=&#8220;stretch_row_content_no_spaces&#8220; el_class=&#8220;offer-green-row&#8220;][vc_column][vc_single_image image=&#8220;84&#8243; img_size=&#8220;full&#8220; alignment=&#8220;right&#8220; el_class=&#8220;offer-green-bar no-space-img&#8220;][\/vc_column][\/vc_row][vc_row equal_height=&#8220;yes&#8220; el_class=&#8220;offer-detail-row&#8220;][vc_column width=&#8220;1\/6&#8243;][\/vc_column][vc_column width=&#8220;1\/3&#8243;][vc_column_text]<\/p>\n<h3 class=\"white\"><strong>Training:<\/strong><\/h3>\n<ul class=\"white\">\n<li>Allgemeine Beweglichkeit<\/li>\n<li>Gleichgewicht und Koordination<\/li>\n<li>Stabilit\u00e4t beim Gehen<\/li>\n<li>Ausdauer und Muskelkraft<\/li>\n<li>Muskulatur des R\u00fcckens und des Rumpfes<\/li>\n<li>Verringerung der Angst vor St\u00fcrzen<\/li>\n<\/ul>\n<p>[\/vc_column_text][\/vc_column][vc_column width=&#8220;1\/3&#8243;][vc_column_text]<\/p>\n<h3 class=\"white\"><strong>Die Zusammensetzung des MOBILfit-Programms:<\/strong><\/h3>\n<ul class=\"white\">\n<li>Wahlweise 1, 12, 24 oder 36 S\u00e9ances<\/li>\n<li>Einschreibung w\u00e4hrend des laufenden Kurses m\u00f6glich<\/li>\n<li>1 bis 2 S\u00e9ance(s) pro Woche<\/li>\n<li>Dauer pro Einheit: 60 Minuten<\/li>\n<li>Homogene Gruppen von maximal 8 Personen<\/li>\n<li>Unter Aufsicht von Sporttherapeuten, Ergotherapeuten und Physiotherapeuten<\/li>\n<\/ul>\n<p>[\/vc_column_text][\/vc_column][vc_column width=&#8220;1\/6&#8243;][\/vc_column][\/vc_row][\/vc_section][vc_section full_width=&#8220;stretch_row_content&#8220; el_class=&#8220;offer-sec offer-sec-big-bg&#8220; css=&#8220;.vc_custom_1674562738438{background-image: url(\/wp-content\/uploads\/2023\/01\/P2.png?id=94) !important;}&#8220; el_id=&#8220;neurofit&#8220;][vc_row full_width=&#8220;stretch_row_content_no_spaces&#8220; equal_height=&#8220;yes&#8220; el_class=&#8220;offer-top-row&#8220;][vc_column width=&#8220;2\/5&#8243;][vc_single_image image=&#8220;91&#8243; img_size=&#8220;full&#8220; el_class=&#8220;no-space-img&#8220;][\/vc_column][vc_column width=&#8220;3\/5&#8243;][vc_column_text]<\/p>\n<h3><strong>NEUROfit<\/strong><\/h3>\n<p>[\/vc_column_text][vc_column_text]Nach einer ersten, individuell ermittelten Einsch\u00e4tzung wird ein Programm zum kognitiven Training erstellt. Dieses Programm, das entweder in der Gruppe oder einzeln angeboten wird, kann Ihren Erwartungen und Zielen entsprechend angepasst werden.[\/vc_column_text][\/vc_column][\/vc_row][vc_row full_width=&#8220;stretch_row_content_no_spaces&#8220; el_class=&#8220;offer-green-row&#8220;][vc_column][vc_single_image image=&#8220;84&#8243; img_size=&#8220;full&#8220; alignment=&#8220;right&#8220; el_class=&#8220;offer-green-bar no-space-img&#8220;][\/vc_column][\/vc_row][vc_row equal_height=&#8220;yes&#8220; el_class=&#8220;offer-detail-row&#8220;][vc_column width=&#8220;1\/6&#8243;][\/vc_column][vc_column width=&#8220;1\/3&#8243;][vc_column_text]<\/p>\n<h3 class=\"white\"><strong>Training:<\/strong><\/h3>\n<ul class=\"white\">\n<li>Geistige Leistungsf\u00e4higkeit<\/li>\n<li>Ged\u00e4chtnisstrategien<\/li>\n<li>Arbeitsged\u00e4chtnis<\/li>\n<li>Aufmerksamkeit und Konzentration<\/li>\n<li>Verbale Ausdrucksformen<\/li>\n<\/ul>\n<p>[\/vc_column_text][vc_column_text el_class=&#8220;top-mar-3&#8243;]<\/p>\n<h3 class=\"white\"><strong>Das NEUROfit-Programm zeichnet sich aus durch:<\/strong><\/h3>\n<ul class=\"white\">\n<li>Die Verbesserung und Stabilisierung der kognitiven F\u00e4higkeiten<\/li>\n<li>Das Training nach wissenschaftlichen Standards<\/li>\n<li>Die individuelle Anpassung des Programms und des Arbeitsrhythmus<\/li>\n<\/ul>\n<p>[\/vc_column_text][\/vc_column][vc_column width=&#8220;1\/3&#8243;][vc_column_text]<\/p>\n<h3 class=\"white\"><strong>Die Zusammensetzung des NEUROfit-Programms:<\/strong><\/h3>\n<ul class=\"white\">\n<li>Vollst\u00e4ndiges Programm: 12 Stunden<\/li>\n<li>S\u00e9ances in der Gruppe oder einzeln<\/li>\n<li>Erkl\u00e4rungen zur Funktionsweise des Ged\u00e4chtnisses<\/li>\n<li>Homogene Gruppen von maximal 8 Personen<\/li>\n<li>Unter der Aufsicht eines Psychologen<\/li>\n<\/ul>\n<p>[\/vc_column_text][vc_column_text el_class=&#8220;top-mar-3&#8243;]<\/p>\n<h3 class=\"white\"><strong>Das Programm richtet sich an folgende Zielgruppen:<\/strong><\/h3>\n<ul class=\"white\">\n<li>Personen, die altersbedingten kognitiven Defiziten vorbeugen m\u00f6chten<\/li>\n<li>Personen mit leichten Ged\u00e4chtnisdefiziten<\/li>\n<\/ul>\n<p>[\/vc_column_text][\/vc_column][vc_column width=&#8220;1\/6&#8243;][\/vc_column][\/vc_row][\/vc_section][vc_section full_width=&#8220;stretch_row_content&#8220; el_class=&#8220;offer-sec&#8220; css=&#8220;.vc_custom_1674562805558{background-image: url(\/wp-content\/uploads\/2023\/01\/P1.png?id=86) !important;}&#8220; el_id=&#8220;yoga&#8220;][vc_row full_width=&#8220;stretch_row_content_no_spaces&#8220; equal_height=&#8220;yes&#8220; el_class=&#8220;offer-top-row&#8220;][vc_column width=&#8220;2\/5&#8243;][vc_single_image image=&#8220;284&#8243; img_size=&#8220;full&#8220; el_class=&#8220;no-space-img&#8220;][\/vc_column][vc_column width=&#8220;3\/5&#8243;][vc_column_text]<\/p>\n<h3>Pilates 50+<\/h3>\n<p>[\/vc_column_text][vc_column_text]Diese sanfte und pr\u00e4zise Methode wurde Anfang des 20. Jahrhunderts von Joseph Pilates entwickelt und sollte urspr\u00fcnglich den gesamten K\u00f6rper in Harmonie mit dem Geist st\u00e4rken. Heute passt sie sich perfekt an die Bed\u00fcrfnisse von Menschen ab 50 Jahren an.<\/p>\n<p>Pilates 50+ l\u00e4dt Sie ein, sich anders zu bewegen: ohne Schock, ohne Brutalit\u00e4t, sondern richtig und aufmerksam. Jede Sitzung zielt darauf ab, die Haltung zu st\u00e4rken, Spannungen zu l\u00f6sen und die Beweglichkeit wiederzuerlangen.<\/p>\n<p>In einer heiteren und freundlichen Atmosph\u00e4re k\u00fcmmert man sich um sich selbst, verbindet sich wieder mit seinem K\u00f6rper und gewinnt mit jeder Sitzung an Wohlbefinden. Ein Moment f\u00fcr sich selbst, um auf sanfte Weise seine Form zu erhalten.<\/p>\n<p>[\/vc_column_text][\/vc_column][\/vc_row][vc_row full_width=&#8220;stretch_row_content_no_spaces&#8220; el_class=&#8220;offer-green-row&#8220;][vc_column][vc_single_image image=&#8220;84&#8243; img_size=&#8220;full&#8220; alignment=&#8220;right&#8220; el_class=&#8220;offer-green-bar no-space-img&#8220;][\/vc_column][\/vc_row][vc_row equal_height=&#8220;yes&#8220; el_class=&#8220;offer-detail-row&#8220;][vc_column width=&#8220;1\/6&#8243;][\/vc_column][vc_column width=&#8220;1\/3&#8243;][vc_column_text]<\/p>\n<h3 class=\"white\"><strong>Kursziele:<\/strong><\/h3>\n<ul class=\"white\">\n<li>St\u00e4rkung der Tiefenmuskulatur<\/li>\n<li>Erhalt der Gelenkbeweglichkeit und Flexibilit\u00e4t<\/li>\n<li>Sto\u00dffreie, gelenkschonende Bewegungen<\/li>\n<li>Entwicklung der K\u00f6rperwahrnehmung und der Atmung<\/li>\n<li>Stressabbau und Verbesserung des mentalen Wohlbefindens<\/li>\n<li>Aufrechterhaltung von Energie und Motivation<\/li>\n<\/ul>\n<p>[\/vc_column_text][\/vc_column][vc_column width=&#8220;1\/3&#8243;][vc_column_text]<\/p>\n<h3 class=\"white\"><strong>Die Zusammensetzung des Yoga-Programms:<\/strong><\/h3>\n<ul class=\"white\">\n<li>Anmeldung jederzeit m\u00f6glich<\/li>\n<li>1 Einheit pro Woche (Freitag 12.15 &#8211; 13.15 Uhr).<\/li>\n<li>Dauer pro Einheit: 45 Minuten.<\/li>\n<li>Gruppen von maximal 12 Personen.<\/li>\n<li>Unter der Aufsicht eines Pilates-Coaches, der auf Senioren-Pilates spezialisiert ist<\/li>\n<li>15\u20ac \/ Einheit, monatlich abgerechnet<\/li>\n<\/ul>\n<p>[\/vc_column_text][\/vc_column][vc_column width=&#8220;1\/6&#8243;][\/vc_column][\/vc_row][\/vc_section]<\/p>\n<\/section>","protected":false},"excerpt":{"rendered":"<p>[vc_section full_width=&#8220;stretch_row_content&#8220; el_id=&#8220;intro&#8220; css=&#8220;.vc_custom_1674559927321{background-image: url(\/wp-content\/uploads\/2023\/01\/Group-637.jpg?id=79) !important;}&#8220;][vc_row full_width=&#8220;stretch_row_content_no_spaces&#8220;][vc_column][vc_single_image image=&#8220;79&#8243; img_size=&#8220;full&#8220; alignment=&#8220;center&#8220; css=&#8220;.vc_custom_1674559957349{margin-bottom: 0px !important;}&#8220;][\/vc_column][\/vc_row][\/vc_section][vc_section][vc_row][vc_column][vc_column_text] In der Gruppe [\/vc_column_text][\/vc_column][\/vc_row][\/vc_section][vc_section full_width=&#8220;stretch_row_content&#8220; el_class=&#8220;offer-sec&#8220; css=&#8220;.vc_custom_1674561775671{background-image: url(\/wp-content\/uploads\/2023\/01\/P1.png?id=86) !important;}&#8220; el_id=&#8220;mobilfit&#8220;][vc_row full_width=&#8220;stretch_row_content_no_spaces&#8220; equal_height=&#8220;yes&#8220; el_class=&#8220;offer-top-row&#8220;][vc_column<span class=\"excerpt-hellip\"> [\u2026]<\/span><\/p>\n","protected":false},"author":1,"featured_media":0,"parent":0,"menu_order":0,"comment_status":"closed","ping_status":"closed","template":"","meta":{"footnotes":""},"class_list":["post-187","page","type-page","status-publish","hentry"],"yoast_head":"<!-- This site is optimized with the Yoast SEO plugin v20.12 - https:\/\/yoast.com\/wordpress\/plugins\/seo\/ -->\n<title>In der Gruppe - Zitha Aktiv<\/title>\n<meta name=\"robots\" content=\"index, follow, max-snippet:-1, max-image-preview:large, max-video-preview:-1\" \/>\n<link rel=\"canonical\" href=\"https:\/\/zithaaktiv.lu\/de\/in-der-gruppe\/\" \/>\n<meta property=\"og:locale\" content=\"de_DE\" \/>\n<meta property=\"og:type\" content=\"article\" \/>\n<meta property=\"og:title\" content=\"In der Gruppe - Zitha Aktiv\" \/>\n<meta property=\"og:description\" content=\"[vc_section full_width=&#8220;stretch_row_content&#8220; el_id=&#8220;intro&#8220; css=&#8220;.vc_custom_1674559927321{background-image: url(\/wp-content\/uploads\/2023\/01\/Group-637.jpg?id=79) !important;}&#8220;][vc_row full_width=&#8220;stretch_row_content_no_spaces&#8220;][vc_column][vc_single_image image=&#8220;79&#8243; img_size=&#8220;full&#8220; alignment=&#8220;center&#8220; css=&#8220;.vc_custom_1674559957349{margin-bottom: 0px !important;}&#8220;][\/vc_column][\/vc_row][\/vc_section][vc_section][vc_row][vc_column][vc_column_text] In der Gruppe [\/vc_column_text][\/vc_column][\/vc_row][\/vc_section][vc_section full_width=&#8220;stretch_row_content&#8220; el_class=&#8220;offer-sec&#8220; css=&#8220;.vc_custom_1674561775671{background-image: url(\/wp-content\/uploads\/2023\/01\/P1.png?id=86) !important;}&#8220; el_id=&#8220;mobilfit&#8220;][vc_row full_width=&#8220;stretch_row_content_no_spaces&#8220; equal_height=&#8220;yes&#8220; el_class=&#8220;offer-top-row&#8220;][vc_column [\u2026]\" \/>\n<meta property=\"og:url\" content=\"https:\/\/zithaaktiv.lu\/de\/in-der-gruppe\/\" \/>\n<meta property=\"og:site_name\" content=\"Zitha Aktiv\" \/>\n<meta property=\"article:modified_time\" content=\"2026-02-02T17:16:02+00:00\" \/>\n<meta name=\"twitter:card\" content=\"summary_large_image\" \/>\n<meta name=\"twitter:label1\" content=\"Gesch\u00e4tzte Lesezeit\" \/>\n\t<meta name=\"twitter:data1\" content=\"3\u00a0Minuten\" \/>\n<script type=\"application\/ld+json\" class=\"yoast-schema-graph\">{\"@context\":\"https:\/\/schema.org\",\"@graph\":[{\"@type\":\"WebPage\",\"@id\":\"https:\/\/zithaaktiv.lu\/de\/in-der-gruppe\/\",\"url\":\"https:\/\/zithaaktiv.lu\/de\/in-der-gruppe\/\",\"name\":\"In der Gruppe - Zitha Aktiv\",\"isPartOf\":{\"@id\":\"https:\/\/zithaaktiv.lu\/#website\"},\"datePublished\":\"2023-01-16T11:22:59+00:00\",\"dateModified\":\"2026-02-02T17:16:02+00:00\",\"breadcrumb\":{\"@id\":\"https:\/\/zithaaktiv.lu\/de\/in-der-gruppe\/#breadcrumb\"},\"inLanguage\":\"de\",\"potentialAction\":[{\"@type\":\"ReadAction\",\"target\":[\"https:\/\/zithaaktiv.lu\/de\/in-der-gruppe\/\"]}]},{\"@type\":\"BreadcrumbList\",\"@id\":\"https:\/\/zithaaktiv.lu\/de\/in-der-gruppe\/#breadcrumb\",\"itemListElement\":[{\"@type\":\"ListItem\",\"position\":1,\"name\":\"Home\",\"item\":\"https:\/\/zithaaktiv.lu\/de\/\"},{\"@type\":\"ListItem\",\"position\":2,\"name\":\"In der Gruppe\"}]},{\"@type\":\"WebSite\",\"@id\":\"https:\/\/zithaaktiv.lu\/#website\",\"url\":\"https:\/\/zithaaktiv.lu\/\",\"name\":\"Zitha Aktiv\",\"description\":\"\",\"inLanguage\":\"de\"}]}<\/script>\n<!-- \/ Yoast SEO plugin. -->","yoast_head_json":{"title":"In der Gruppe - Zitha Aktiv","robots":{"index":"index","follow":"follow","max-snippet":"max-snippet:-1","max-image-preview":"max-image-preview:large","max-video-preview":"max-video-preview:-1"},"canonical":"https:\/\/zithaaktiv.lu\/de\/in-der-gruppe\/","og_locale":"de_DE","og_type":"article","og_title":"In der Gruppe - Zitha Aktiv","og_description":"[vc_section full_width=&#8220;stretch_row_content&#8220; el_id=&#8220;intro&#8220; css=&#8220;.vc_custom_1674559927321{background-image: url(\/wp-content\/uploads\/2023\/01\/Group-637.jpg?id=79) !important;}&#8220;][vc_row full_width=&#8220;stretch_row_content_no_spaces&#8220;][vc_column][vc_single_image image=&#8220;79&#8243; img_size=&#8220;full&#8220; alignment=&#8220;center&#8220; css=&#8220;.vc_custom_1674559957349{margin-bottom: 0px !important;}&#8220;][\/vc_column][\/vc_row][\/vc_section][vc_section][vc_row][vc_column][vc_column_text] In der Gruppe [\/vc_column_text][\/vc_column][\/vc_row][\/vc_section][vc_section full_width=&#8220;stretch_row_content&#8220; el_class=&#8220;offer-sec&#8220; css=&#8220;.vc_custom_1674561775671{background-image: url(\/wp-content\/uploads\/2023\/01\/P1.png?id=86) !important;}&#8220; el_id=&#8220;mobilfit&#8220;][vc_row full_width=&#8220;stretch_row_content_no_spaces&#8220; equal_height=&#8220;yes&#8220; el_class=&#8220;offer-top-row&#8220;][vc_column [\u2026]","og_url":"https:\/\/zithaaktiv.lu\/de\/in-der-gruppe\/","og_site_name":"Zitha Aktiv","article_modified_time":"2026-02-02T17:16:02+00:00","twitter_card":"summary_large_image","twitter_misc":{"Gesch\u00e4tzte Lesezeit":"3\u00a0Minuten"},"schema":{"@context":"https:\/\/schema.org","@graph":[{"@type":"WebPage","@id":"https:\/\/zithaaktiv.lu\/de\/in-der-gruppe\/","url":"https:\/\/zithaaktiv.lu\/de\/in-der-gruppe\/","name":"In der Gruppe - Zitha Aktiv","isPartOf":{"@id":"https:\/\/zithaaktiv.lu\/#website"},"datePublished":"2023-01-16T11:22:59+00:00","dateModified":"2026-02-02T17:16:02+00:00","breadcrumb":{"@id":"https:\/\/zithaaktiv.lu\/de\/in-der-gruppe\/#breadcrumb"},"inLanguage":"de","potentialAction":[{"@type":"ReadAction","target":["https:\/\/zithaaktiv.lu\/de\/in-der-gruppe\/"]}]},{"@type":"BreadcrumbList","@id":"https:\/\/zithaaktiv.lu\/de\/in-der-gruppe\/#breadcrumb","itemListElement":[{"@type":"ListItem","position":1,"name":"Home","item":"https:\/\/zithaaktiv.lu\/de\/"},{"@type":"ListItem","position":2,"name":"In der Gruppe"}]},{"@type":"WebSite","@id":"https:\/\/zithaaktiv.lu\/#website","url":"https:\/\/zithaaktiv.lu\/","name":"Zitha Aktiv","description":"","inLanguage":"de"}]}},"_links":{"self":[{"href":"https:\/\/zithaaktiv.lu\/de\/wp-json\/wp\/v2\/pages\/187","targetHints":{"allow":["GET"]}}],"collection":[{"href":"https:\/\/zithaaktiv.lu\/de\/wp-json\/wp\/v2\/pages"}],"about":[{"href":"https:\/\/zithaaktiv.lu\/de\/wp-json\/wp\/v2\/types\/page"}],"author":[{"embeddable":true,"href":"https:\/\/zithaaktiv.lu\/de\/wp-json\/wp\/v2\/users\/1"}],"replies":[{"embeddable":true,"href":"https:\/\/zithaaktiv.lu\/de\/wp-json\/wp\/v2\/comments?post=187"}],"version-history":[{"count":9,"href":"https:\/\/zithaaktiv.lu\/de\/wp-json\/wp\/v2\/pages\/187\/revisions"}],"predecessor-version":[{"id":295,"href":"https:\/\/zithaaktiv.lu\/de\/wp-json\/wp\/v2\/pages\/187\/revisions\/295"}],"wp:attachment":[{"href":"https:\/\/zithaaktiv.lu\/de\/wp-json\/wp\/v2\/media?parent=187"}],"curies":[{"name":"wp","href":"https:\/\/api.w.org\/{rel}","templated":true}]}}