{"id":191,"date":"2023-01-16T12:23:14","date_gmt":"2023-01-16T11:23:14","guid":{"rendered":"http:\/\/zithaaktiv.lu\/individuelles\/"},"modified":"2023-02-10T10:19:40","modified_gmt":"2023-02-10T09:19:40","slug":"einzelpersonen","status":"publish","type":"page","link":"https:\/\/zithaaktiv.lu\/de\/einzelpersonen\/","title":{"rendered":"Einzelpersonen"},"content":{"rendered":"<section class=\"wpb-content-wrapper\"><p>[vc_section full_width=&#8220;stretch_row_content&#8220; el_id=&#8220;intro&#8220; css=&#8220;.vc_custom_1674563169485{background-image: url(\/wp-content\/uploads\/2023\/01\/Group-638.jpg?id=100) !important;}&#8220;][vc_row full_width=&#8220;stretch_row_content_no_spaces&#8220;][vc_column][vc_single_image image=&#8220;100&#8243; img_size=&#8220;full&#8220; alignment=&#8220;center&#8220; css=&#8220;.vc_custom_1674563152493{margin-bottom: 0px !important;}&#8220;][\/vc_column][\/vc_row][\/vc_section][vc_section][vc_row][vc_column][vc_column_text]<\/p>\n<h1 class=\"al-center ff-robo-thin\">Einzelpersonen<\/h1>\n<p>[\/vc_column_text][\/vc_column][\/vc_row][\/vc_section][vc_section full_width=&#8220;stretch_row_content&#8220; el_class=&#8220;offer-sec&#8220; css=&#8220;.vc_custom_1674563206019{background-image: url(\/wp-content\/uploads\/2023\/01\/P1.png?id=86) !important;}&#8220; el_id=&#8220;exercices&#8220;][vc_row full_width=&#8220;stretch_row_content_no_spaces&#8220; equal_height=&#8220;yes&#8220; el_class=&#8220;offer-top-row&#8220;][vc_column width=&#8220;2\/5&#8243;][vc_single_image image=&#8220;103&#8243; img_size=&#8220;full&#8220; el_class=&#8220;no-space-img&#8220;][\/vc_column][vc_column width=&#8220;3\/5&#8243;][vc_column_text]<\/p>\n<h2 class=\"ff-robo-thin\">M\u00f6chten Sie Ihre k\u00f6rperliche Fitness verbessern?<\/h2>\n<p>[\/vc_column_text][vc_column_text]<\/p>\n<h3><strong>Individuelles Training<\/strong><\/h3>\n<p>[\/vc_column_text][vc_column_text el_class=&#8220;top-mar-1&#8243;]Durch individuelles Training k\u00f6nnen Sie die pers\u00f6nlichen Ziele erreichen. W\u00e4hrend den S\u00e9ances ist ein Therapeut anwesend, der Sie bei den \u00dcbungen begleitet. Kontaktieren Sie uns, damit wir Ihre Termine organisieren k\u00f6nnen.[\/vc_column_text][\/vc_column][\/vc_row][vc_row full_width=&#8220;stretch_row_content_no_spaces&#8220; el_class=&#8220;offer-green-row&#8220;][vc_column][vc_single_image image=&#8220;84&#8243; img_size=&#8220;full&#8220; alignment=&#8220;right&#8220; el_class=&#8220;offer-green-bar no-space-img&#8220;][\/vc_column][\/vc_row][vc_row equal_height=&#8220;yes&#8220; el_class=&#8220;offer-detail-row offer-detail-bigger-row&#8220;][vc_column width=&#8220;1\/6&#8243;][\/vc_column][vc_column width=&#8220;2\/3&#8243;][vc_column_text]<\/p>\n<h3 class=\"white\"><strong>Ausbalancierte \u00dcbungen:<\/strong><\/h3>\n<ul class=\"white\">\n<li>Optimales und individuelles Training von Muskelaufbau und Ausdauer<\/li>\n<li>Anpassung der Ger\u00e4te mit hydraulischem Widerstand an die F\u00e4higkeiten jedes Einzelnen<\/li>\n<li>Schonend, ohne Belastung der Gelenke<\/li>\n<li>Individuelle Heranf\u00fchrung an die Trainingsger\u00e4te<\/li>\n<li>Trainingsplan mit individuellen Zielen<\/li>\n<li>Monatliche Abonnements nach Wahl<\/li>\n<li>Die Anwesenheit eines Therapeuten ist garantiert<\/li>\n<\/ul>\n<p>[\/vc_column_text][\/vc_column][vc_column width=&#8220;1\/6&#8243;][\/vc_column][\/vc_row][\/vc_section][vc_section full_width=&#8220;stretch_row_content&#8220; el_class=&#8220;offer-sec&#8220; css=&#8220;.vc_custom_1674563686735{background-image: url(\/wp-content\/uploads\/2023\/01\/P1.png?id=86) !important;}&#8220; el_id=&#8220;kinesitherapie&#8220;][vc_row full_width=&#8220;stretch_row_content_no_spaces&#8220; equal_height=&#8220;yes&#8220; el_class=&#8220;offer-top-row&#8220;][vc_column width=&#8220;2\/5&#8243;][vc_single_image image=&#8220;105&#8243; img_size=&#8220;full&#8220; el_class=&#8220;no-space-img&#8220;][\/vc_column][vc_column width=&#8220;3\/5&#8243;][vc_column_text]<\/p>\n<h2 class=\"ff-robo-thin\">Physiotherapie<\/h2>\n<p>[\/vc_column_text][vc_column_text]<\/p>\n<h3><strong>Individuelle Behandlung durch einen Physiotherapeuten<\/strong><\/h3>\n<p>[\/vc_column_text][vc_column_text]Das Team der ZithaKin\u00e9-Therapeuten hat zahlreiche Weiterbildungen absolviert und bietet eine gro\u00dfe Auswahl an Therapieangeboten.<\/p>\n<p>Physiotherapie auf \u00e4rztliche Verordnung, die von der CNS erstattet wird.[\/vc_column_text][\/vc_column][\/vc_row][vc_row full_width=&#8220;stretch_row_content_no_spaces&#8220; el_class=&#8220;offer-green-row&#8220;][vc_column][vc_single_image image=&#8220;84&#8243; img_size=&#8220;full&#8220; alignment=&#8220;right&#8220; el_class=&#8220;offer-green-bar no-space-img&#8220;][\/vc_column][\/vc_row][vc_row equal_height=&#8220;yes&#8220; el_class=&#8220;offer-detail-row offer-detail-bigger-row&#8220;][vc_column width=&#8220;1\/6&#8243;][\/vc_column][vc_column width=&#8220;2\/3&#8243;][vc_column_text]<\/p>\n<h3 class=\"white\"><strong>Therapeutische Angebote:<\/strong><\/h3>\n<ul class=\"white split-list\">\n<li>Funktionelle Rehabilitation bei neurologischen Erkrankungen, wie z.B. Parkinson, Schlaganfall, Demenz, &#8230;<\/li>\n<li>Manuelle Therapie<\/li>\n<li>Gelenkschonende \u00dcbungen ohne Fehlbelastungen<\/li>\n<li>Ger\u00e4tegest\u00fctztes Training<\/li>\n<li>Klassische Massagetherapie<\/li>\n<li>Manuelle Lymphdrainage<\/li>\n<li>Atemtherapie<\/li>\n<li>Rehabilitation bei Inkontinenz<\/li>\n<li>Ultraschall<\/li>\n<li>Fango<\/li>\n<li>Elektrotherapie<\/li>\n<\/ul>\n<p>[\/vc_column_text][\/vc_column][vc_column width=&#8220;1\/6&#8243;][\/vc_column][\/vc_row][\/vc_section][vc_section full_width=&#8220;stretch_row_content&#8220; el_class=&#8220;offer-sec&#8220; css=&#8220;.vc_custom_1674563867847{background-image: url(\/wp-content\/uploads\/2023\/01\/P1.png?id=86) !important;}&#8220; el_id=&#8220;ergotherapie&#8220;][vc_row full_width=&#8220;stretch_row_content_no_spaces&#8220; equal_height=&#8220;yes&#8220; el_class=&#8220;offer-top-row&#8220;][vc_column width=&#8220;2\/5&#8243;][vc_single_image image=&#8220;107&#8243; img_size=&#8220;full&#8220; el_class=&#8220;no-space-img&#8220;][\/vc_column][vc_column width=&#8220;3\/5&#8243;][vc_column_text]<\/p>\n<h2 class=\"ff-robo-thin\">Ergotherapie<\/h2>\n<p>[\/vc_column_text][vc_column_text]<\/p>\n<h3><strong>Einzeltherapie, S\u00e9ances von 60 Minuten<\/strong><\/h3>\n<p>[\/vc_column_text][vc_column_text]Ziel der Ergotherapie ist es, die Patienten in ihrer Handlungsf\u00e4higkeit zu unterst\u00fctzen und die Bew\u00e4ltigung von Beeintr\u00e4chtigungen zu f\u00f6rdern, sodass die Unabh\u00e4ngigkeit und Teilhabe am t\u00e4glichen Leben bestm\u00f6glich erhalten bleiben. Die Ergotherapeutin analysiert Ihre Lebensgewohnheiten und hilft Ihnen, Ihre Umgebung entsprechend Ihren F\u00e4higkeiten anzupassen.<\/p>\n<p>Die Behandlungspriorit\u00e4ten werden evaluiert und dann individuell angepasst.[\/vc_column_text][\/vc_column][\/vc_row][vc_row full_width=&#8220;stretch_row_content_no_spaces&#8220; el_class=&#8220;offer-green-row&#8220;][vc_column][vc_single_image image=&#8220;84&#8243; img_size=&#8220;full&#8220; alignment=&#8220;right&#8220; el_class=&#8220;offer-green-bar no-space-img&#8220;][\/vc_column][\/vc_row][vc_row equal_height=&#8220;yes&#8220; el_class=&#8220;offer-detail-row offer-detail-bigger-row&#8220;][vc_column width=&#8220;1\/6&#8243;][\/vc_column][vc_column width=&#8220;2\/3&#8243;][vc_column_text]<\/p>\n<h3 class=\"white\"><strong>Therapeutische Angebote:<\/strong><\/h3>\n<ul class=\"white\">\n<li>Unabh\u00e4ngigkeit bei den Aktivit\u00e4ten des t\u00e4glichen Lebens<\/li>\n<li>Stimulation der kognitiven F\u00e4higkeiten (Ged\u00e4chtnis, Orientierung, &#8230;)<\/li>\n<li>Stimulation der sensomotorischen F\u00e4higkeiten (K\u00f6rperwahrnehmung, Mobilit\u00e4t, Fein- oder Grobmotorik, &#8230;)<\/li>\n<li>Rehabilitation von defizit\u00e4ren F\u00e4higkeiten<\/li>\n<li>Erlernen von Kompensationsstrategien<\/li>\n<li>Anpassung von Materialien und technischen Hilfsmitteln<\/li>\n<li>Beratung bei der Anpassung der Wohnung<\/li>\n<\/ul>\n<p>[\/vc_column_text][\/vc_column][vc_column width=&#8220;1\/6&#8243;][\/vc_column][\/vc_row][\/vc_section][vc_section full_width=&#8220;stretch_row_content&#8220; el_class=&#8220;offer-sec&#8220; css=&#8220;.vc_custom_1674563994181{background-image: url(\/wp-content\/uploads\/2023\/01\/P1.png?id=86) !important;}&#8220; el_id=&#8220;psychologie&#8220;][vc_row full_width=&#8220;stretch_row_content_no_spaces&#8220; equal_height=&#8220;yes&#8220; el_class=&#8220;offer-top-row&#8220;][vc_column width=&#8220;2\/5&#8243;][vc_single_image image=&#8220;109&#8243; img_size=&#8220;full&#8220; el_class=&#8220;no-space-img&#8220;][\/vc_column][vc_column width=&#8220;3\/5&#8243;][vc_column_text]<\/p>\n<h2 class=\"ff-robo-thin\">Psychologische Beratung<\/h2>\n<p>[\/vc_column_text][vc_column_text]Beim ersten Treffen nennt der Patient die Gr\u00fcnde sowie seine Schwierigkeiten und sein Leiden in seinem derzeitigen Leben, die ihn dazu veranlasst haben, eine Psychologin oder einen Psychologen aufzusuchen. Dieses erste Gespr\u00e4ch ist f\u00fcr die Psychologin wichtig, damit sie die Umst\u00e4nde einsch\u00e4tzen kann.<\/p>\n<p>Nach dem ersten Termin entscheiden der Patient und die Psychologin, ob eine Zusammenarbeit in Frage kommt. Das Vertrauen und die Qualit\u00e4t der therapeutischen Beziehung spielen eine grundlegende Rolle f\u00fcr die Durchf\u00fchrung der Therapie. Wenn sich beide f\u00fcr eine Weiterbehandlung entscheiden, wird gemeinsam festgelegt, wie die therapeutische Arbeit aussehen soll, und es wird besprochen, wie oft und wie lange die S\u00e9ances stattfinden. Die Dauer einer Therapie kann je nach Schwere der Symptome variieren.[\/vc_column_text][\/vc_column][\/vc_row][vc_row full_width=&#8220;stretch_row_content_no_spaces&#8220; el_class=&#8220;offer-green-row&#8220;][vc_column][vc_single_image image=&#8220;84&#8243; img_size=&#8220;full&#8220; alignment=&#8220;right&#8220; el_class=&#8220;offer-green-bar no-space-img&#8220;][\/vc_column][\/vc_row][vc_row equal_height=&#8220;yes&#8220; el_class=&#8220;offer-detail-row offer-detail-bigger-row&#8220;][vc_column width=&#8220;1\/6&#8243;][\/vc_column][vc_column width=&#8220;2\/3&#8243;][vc_column_text]<\/p>\n<h3 class=\"white\"><strong>Eine individuelle psychologische Beratung bezieht sich vor allem auf folgende Schwerpunkte:<\/strong><\/h3>\n<ul class=\"white\">\n<li>Begleitung bei existenziellen Krisen<\/li>\n<li>Hilfe bei der \u00dcberwindung von chronischem Leiden und Leiden aufgrund eingeschr\u00e4nkter Mobilit\u00e4t<\/li>\n<li>Unterst\u00fctzung der psychischen Gesundheit<\/li>\n<li>Erlernen von Relaxationsmethoden<\/li>\n<\/ul>\n<p>[\/vc_column_text][\/vc_column][vc_column width=&#8220;1\/6&#8243;][\/vc_column][\/vc_row][\/vc_section]<\/p>\n<\/section>","protected":false},"excerpt":{"rendered":"<p>[vc_section full_width=&#8220;stretch_row_content&#8220; el_id=&#8220;intro&#8220; css=&#8220;.vc_custom_1674563169485{background-image: url(\/wp-content\/uploads\/2023\/01\/Group-638.jpg?id=100) !important;}&#8220;][vc_row full_width=&#8220;stretch_row_content_no_spaces&#8220;][vc_column][vc_single_image image=&#8220;100&#8243; img_size=&#8220;full&#8220; alignment=&#8220;center&#8220; css=&#8220;.vc_custom_1674563152493{margin-bottom: 0px !important;}&#8220;][\/vc_column][\/vc_row][\/vc_section][vc_section][vc_row][vc_column][vc_column_text] Einzelpersonen [\/vc_column_text][\/vc_column][\/vc_row][\/vc_section][vc_section full_width=&#8220;stretch_row_content&#8220; el_class=&#8220;offer-sec&#8220; css=&#8220;.vc_custom_1674563206019{background-image: url(\/wp-content\/uploads\/2023\/01\/P1.png?id=86) !important;}&#8220; el_id=&#8220;exercices&#8220;][vc_row full_width=&#8220;stretch_row_content_no_spaces&#8220; equal_height=&#8220;yes&#8220; el_class=&#8220;offer-top-row&#8220;][vc_column width=&#8220;2\/5&#8243;][vc_single_image image=&#8220;103&#8243;<span class=\"excerpt-hellip\"> [\u2026]<\/span><\/p>\n","protected":false},"author":1,"featured_media":0,"parent":0,"menu_order":0,"comment_status":"closed","ping_status":"closed","template":"","meta":{"footnotes":""},"class_list":["post-191","page","type-page","status-publish","hentry"],"yoast_head":"<!-- This site is optimized with the Yoast SEO plugin v20.12 - https:\/\/yoast.com\/wordpress\/plugins\/seo\/ -->\n<title>Einzelpersonen - Zitha Aktiv<\/title>\n<meta name=\"robots\" content=\"index, follow, max-snippet:-1, max-image-preview:large, max-video-preview:-1\" \/>\n<link rel=\"canonical\" href=\"https:\/\/zithaaktiv.lu\/de\/einzelpersonen\/\" \/>\n<meta property=\"og:locale\" content=\"de_DE\" \/>\n<meta property=\"og:type\" content=\"article\" \/>\n<meta property=\"og:title\" content=\"Einzelpersonen - Zitha Aktiv\" \/>\n<meta property=\"og:description\" content=\"[vc_section full_width=&#8220;stretch_row_content&#8220; el_id=&#8220;intro&#8220; css=&#8220;.vc_custom_1674563169485{background-image: url(\/wp-content\/uploads\/2023\/01\/Group-638.jpg?id=100) !important;}&#8220;][vc_row full_width=&#8220;stretch_row_content_no_spaces&#8220;][vc_column][vc_single_image image=&#8220;100&#8243; img_size=&#8220;full&#8220; alignment=&#8220;center&#8220; css=&#8220;.vc_custom_1674563152493{margin-bottom: 0px !important;}&#8220;][\/vc_column][\/vc_row][\/vc_section][vc_section][vc_row][vc_column][vc_column_text] Einzelpersonen [\/vc_column_text][\/vc_column][\/vc_row][\/vc_section][vc_section full_width=&#8220;stretch_row_content&#8220; el_class=&#8220;offer-sec&#8220; css=&#8220;.vc_custom_1674563206019{background-image: url(\/wp-content\/uploads\/2023\/01\/P1.png?id=86) !important;}&#8220; el_id=&#8220;exercices&#8220;][vc_row full_width=&#8220;stretch_row_content_no_spaces&#8220; equal_height=&#8220;yes&#8220; el_class=&#8220;offer-top-row&#8220;][vc_column width=&#8220;2\/5&#8243;][vc_single_image image=&#8220;103&#8243; [\u2026]\" \/>\n<meta property=\"og:url\" content=\"https:\/\/zithaaktiv.lu\/de\/einzelpersonen\/\" \/>\n<meta property=\"og:site_name\" content=\"Zitha Aktiv\" \/>\n<meta property=\"article:modified_time\" content=\"2023-02-10T09:19:40+00:00\" \/>\n<meta name=\"twitter:card\" content=\"summary_large_image\" \/>\n<meta name=\"twitter:label1\" content=\"Gesch\u00e4tzte Lesezeit\" \/>\n\t<meta name=\"twitter:data1\" content=\"3\u00a0Minuten\" \/>\n<script type=\"application\/ld+json\" class=\"yoast-schema-graph\">{\"@context\":\"https:\/\/schema.org\",\"@graph\":[{\"@type\":\"WebPage\",\"@id\":\"https:\/\/zithaaktiv.lu\/de\/einzelpersonen\/\",\"url\":\"https:\/\/zithaaktiv.lu\/de\/einzelpersonen\/\",\"name\":\"Einzelpersonen - Zitha Aktiv\",\"isPartOf\":{\"@id\":\"https:\/\/zithaaktiv.lu\/#website\"},\"datePublished\":\"2023-01-16T11:23:14+00:00\",\"dateModified\":\"2023-02-10T09:19:40+00:00\",\"breadcrumb\":{\"@id\":\"https:\/\/zithaaktiv.lu\/de\/einzelpersonen\/#breadcrumb\"},\"inLanguage\":\"de\",\"potentialAction\":[{\"@type\":\"ReadAction\",\"target\":[\"https:\/\/zithaaktiv.lu\/de\/einzelpersonen\/\"]}]},{\"@type\":\"BreadcrumbList\",\"@id\":\"https:\/\/zithaaktiv.lu\/de\/einzelpersonen\/#breadcrumb\",\"itemListElement\":[{\"@type\":\"ListItem\",\"position\":1,\"name\":\"Home\",\"item\":\"https:\/\/zithaaktiv.lu\/de\/\"},{\"@type\":\"ListItem\",\"position\":2,\"name\":\"Einzelpersonen\"}]},{\"@type\":\"WebSite\",\"@id\":\"https:\/\/zithaaktiv.lu\/#website\",\"url\":\"https:\/\/zithaaktiv.lu\/\",\"name\":\"Zitha Aktiv\",\"description\":\"\",\"inLanguage\":\"de\"}]}<\/script>\n<!-- \/ Yoast SEO plugin. -->","yoast_head_json":{"title":"Einzelpersonen - Zitha Aktiv","robots":{"index":"index","follow":"follow","max-snippet":"max-snippet:-1","max-image-preview":"max-image-preview:large","max-video-preview":"max-video-preview:-1"},"canonical":"https:\/\/zithaaktiv.lu\/de\/einzelpersonen\/","og_locale":"de_DE","og_type":"article","og_title":"Einzelpersonen - Zitha Aktiv","og_description":"[vc_section full_width=&#8220;stretch_row_content&#8220; el_id=&#8220;intro&#8220; css=&#8220;.vc_custom_1674563169485{background-image: url(\/wp-content\/uploads\/2023\/01\/Group-638.jpg?id=100) !important;}&#8220;][vc_row full_width=&#8220;stretch_row_content_no_spaces&#8220;][vc_column][vc_single_image image=&#8220;100&#8243; img_size=&#8220;full&#8220; alignment=&#8220;center&#8220; css=&#8220;.vc_custom_1674563152493{margin-bottom: 0px !important;}&#8220;][\/vc_column][\/vc_row][\/vc_section][vc_section][vc_row][vc_column][vc_column_text] Einzelpersonen [\/vc_column_text][\/vc_column][\/vc_row][\/vc_section][vc_section full_width=&#8220;stretch_row_content&#8220; el_class=&#8220;offer-sec&#8220; css=&#8220;.vc_custom_1674563206019{background-image: url(\/wp-content\/uploads\/2023\/01\/P1.png?id=86) !important;}&#8220; el_id=&#8220;exercices&#8220;][vc_row full_width=&#8220;stretch_row_content_no_spaces&#8220; equal_height=&#8220;yes&#8220; el_class=&#8220;offer-top-row&#8220;][vc_column width=&#8220;2\/5&#8243;][vc_single_image image=&#8220;103&#8243; [\u2026]","og_url":"https:\/\/zithaaktiv.lu\/de\/einzelpersonen\/","og_site_name":"Zitha Aktiv","article_modified_time":"2023-02-10T09:19:40+00:00","twitter_card":"summary_large_image","twitter_misc":{"Gesch\u00e4tzte Lesezeit":"3\u00a0Minuten"},"schema":{"@context":"https:\/\/schema.org","@graph":[{"@type":"WebPage","@id":"https:\/\/zithaaktiv.lu\/de\/einzelpersonen\/","url":"https:\/\/zithaaktiv.lu\/de\/einzelpersonen\/","name":"Einzelpersonen - Zitha Aktiv","isPartOf":{"@id":"https:\/\/zithaaktiv.lu\/#website"},"datePublished":"2023-01-16T11:23:14+00:00","dateModified":"2023-02-10T09:19:40+00:00","breadcrumb":{"@id":"https:\/\/zithaaktiv.lu\/de\/einzelpersonen\/#breadcrumb"},"inLanguage":"de","potentialAction":[{"@type":"ReadAction","target":["https:\/\/zithaaktiv.lu\/de\/einzelpersonen\/"]}]},{"@type":"BreadcrumbList","@id":"https:\/\/zithaaktiv.lu\/de\/einzelpersonen\/#breadcrumb","itemListElement":[{"@type":"ListItem","position":1,"name":"Home","item":"https:\/\/zithaaktiv.lu\/de\/"},{"@type":"ListItem","position":2,"name":"Einzelpersonen"}]},{"@type":"WebSite","@id":"https:\/\/zithaaktiv.lu\/#website","url":"https:\/\/zithaaktiv.lu\/","name":"Zitha Aktiv","description":"","inLanguage":"de"}]}},"_links":{"self":[{"href":"https:\/\/zithaaktiv.lu\/de\/wp-json\/wp\/v2\/pages\/191","targetHints":{"allow":["GET"]}}],"collection":[{"href":"https:\/\/zithaaktiv.lu\/de\/wp-json\/wp\/v2\/pages"}],"about":[{"href":"https:\/\/zithaaktiv.lu\/de\/wp-json\/wp\/v2\/types\/page"}],"author":[{"embeddable":true,"href":"https:\/\/zithaaktiv.lu\/de\/wp-json\/wp\/v2\/users\/1"}],"replies":[{"embeddable":true,"href":"https:\/\/zithaaktiv.lu\/de\/wp-json\/wp\/v2\/comments?post=191"}],"version-history":[{"count":3,"href":"https:\/\/zithaaktiv.lu\/de\/wp-json\/wp\/v2\/pages\/191\/revisions"}],"predecessor-version":[{"id":218,"href":"https:\/\/zithaaktiv.lu\/de\/wp-json\/wp\/v2\/pages\/191\/revisions\/218"}],"wp:attachment":[{"href":"https:\/\/zithaaktiv.lu\/de\/wp-json\/wp\/v2\/media?parent=191"}],"curies":[{"name":"wp","href":"https:\/\/api.w.org\/{rel}","templated":true}]}}