{"id":195,"date":"2023-01-16T12:10:47","date_gmt":"2023-01-16T11:10:47","guid":{"rendered":"http:\/\/zithaaktiv.lu\/home\/"},"modified":"2025-01-22T11:25:46","modified_gmt":"2025-01-22T10:25:46","slug":"home","status":"publish","type":"page","link":"https:\/\/zithaaktiv.lu\/de\/","title":{"rendered":"Home"},"content":{"rendered":"<section class=\"wpb-content-wrapper\"><p>[vc_section full_width=&#8220;stretch_row_content&#8220; el_id=&#8220;intro&#8220; css=&#8220;.vc_custom_1673866890091{background-image: url(\/wp-content\/uploads\/2023\/01\/Group-561.jpg?id=15) !important;}&#8220;][vc_row full_width=&#8220;stretch_row_content_no_spaces&#8220; disable_element=&#8220;yes&#8220;][vc_column][vc_single_image image=&#8220;15&#8243; img_size=&#8220;full&#8220; alignment=&#8220;center&#8220; css=&#8220;.vc_custom_1673866912080{margin-bottom: 0px !important;}&#8220;][\/vc_column][\/vc_row][vc_row full_width=&#8220;stretch_row_content_no_spaces&#8220;][vc_column][vc_raw_html]JTNDaWZyYW1lJTIwd2lkdGglM0QlMjIxMDAlMjUlMjIlMjBoZWlnaHQlM0QlMjI2MDAlMjIlMjBzcmMlM0QlMjJodHRwcyUzQSUyRiUyRnd3dy55b3V0dWJlLmNvbSUyRmVtYmVkJTJGa01fQ1VweHBmZWMlM0Zjb250cm9scyUzRDAlMjZyZWwlM0QwJTI2bW9kZXN0YnJhbmRpbmclM0QxJTI2YXV0b3BsYXklM0QxJTI2bG9vcCUzRDElMjZwbGF5bGlzdCUzRGtNX0NVcHhwZmVjJTIyJTIyJTIwdGl0bGUlM0QlMjJQcml4JTIwTHV4ZW1ib3VyZ2VvaXMlMjBkZSUyMGxhJTIwUXVhbGl0JUMzJUE5JTIwZXQlMjBkZSUyMGwlMjdFeGNlbGxlbmNlJTIwMjAyNCUyMiUyMGZyYW1lYm9yZGVyJTNEJTIyMCUyMiUyMCUwQSUyMCUyMCUyMCUyMGFsbG93JTNEJTIyYXV0b3BsYXklM0IlMjBlbmNyeXB0ZWQtbWVkaWElMjIlMjAlMEElMjAlMjAlMjAlMjBhbGxvd2Z1bGxzY3JlZW4lM0UlM0MlMkZpZnJhbWUlM0U=[\/vc_raw_html][\/vc_column][\/vc_row][\/vc_section][vc_section][vc_row][vc_column][vc_column_text]<\/p>\n<h1 class=\"al-center ff-robo-thin\">Fitness fir Kapp a Kierper<\/h1>\n<p>[\/vc_column_text][vc_column_text]<\/p>\n<h2 id=\"home-sub-heading\" class=\"al-center\">ZithaAktiv bietet im <strong>Centre de la m\u00e9moire et de la mobilit\u00e9 <\/strong><br id=\"home-sub-br\" \/>ein pr\u00e4ventives Beratungs- und Trainingsprogramm an<\/h2>\n<p>[\/vc_column_text][\/vc_column][\/vc_row][vc_row][vc_column width=&#8220;1\/4&#8243;][vc_single_image image=&#8220;17&#8243; img_size=&#8220;full&#8220; alignment=&#8220;center&#8220; css=&#8220;.vc_custom_1673866996588{margin-bottom: 0px !important;}&#8220;][vc_column_text]<\/p>\n<h3><strong>Pr\u00e4vention<\/strong><\/h3>\n<p>Pr\u00e4ventive Trainingsprogramme werden von Gesundheitsexperten beaufsichtigt[\/vc_column_text][\/vc_column][vc_column width=&#8220;1\/4&#8243;][vc_single_image image=&#8220;19&#8243; img_size=&#8220;full&#8220; alignment=&#8220;center&#8220; css=&#8220;.vc_custom_1673867047371{margin-bottom: 0px !important;}&#8220;][vc_column_text]<\/p>\n<h3><strong>Diagnostik<\/strong><\/h3>\n<p>Das Team ermittelt mithilfe diagnostischer Testverfahren das optimale Trainingsprogramm[\/vc_column_text][\/vc_column][vc_column width=&#8220;1\/4&#8243;][vc_single_image image=&#8220;21&#8243; img_size=&#8220;full&#8220; alignment=&#8220;center&#8220; css=&#8220;.vc_custom_1673867099683{margin-bottom: 0px !important;}&#8220;][vc_column_text]<\/p>\n<h3><strong>Beratung<\/strong><\/h3>\n<p>Kostenlose Beratungen zu Gesundheitsfragen, altersbedingten Problemen, die auf die Erhaltung der Lebensqualit\u00e4t abzielen[\/vc_column_text][\/vc_column][vc_column width=&#8220;1\/4&#8243;][vc_single_image image=&#8220;23&#8243; img_size=&#8220;full&#8220; alignment=&#8220;center&#8220; css=&#8220;.vc_custom_1673867186656{margin-bottom: 0px !important;}&#8220;][vc_column_text]<\/p>\n<h3><strong>Therapie<\/strong><\/h3>\n<p>Die Therapeuten bieten eine individuelle Rehabilitation f\u00fcr das Alltagsleben an, indem sie die Leistungsf\u00e4higkeit wieder trainieren[\/vc_column_text][\/vc_column][\/vc_row][\/vc_section][vc_section full_width=&#8220;stretch_row_content&#8220; el_class=&#8220;offer-sec&#8220; css=&#8220;.vc_custom_1674640205703{background-image: url(\/wp-content\/uploads\/2023\/01\/Mask-Group-141.png?id=132) !important;}&#8220;][vc_row full_width=&#8220;stretch_row_content_no_spaces&#8220; el_class=&#8220;offer-top-row&#8220;][vc_column width=&#8220;2\/5&#8243;][vc_single_image image=&#8220;136&#8243; img_size=&#8220;full&#8220; el_class=&#8220;no-space-img&#8220;][\/vc_column][vc_column width=&#8220;3\/5&#8243;][vc_column_text]Die Angebote basieren auf den neuesten Erkenntnissen der wissenschaftlichen Forschung und unterliegen einem st\u00e4ndigen Entwicklungsprozess durch Ergotherapeuten, Physiotherapeuten, \u00c4rzte, Psychologen und Forscher. [\/vc_column_text][\/vc_column][\/vc_row][vc_row full_width=&#8220;stretch_row_content_no_spaces&#8220; el_class=&#8220;offer-green-row&#8220;][vc_column][vc_single_image image=&#8220;84&#8243; img_size=&#8220;full&#8220; alignment=&#8220;right&#8220; el_class=&#8220;no-space-img&#8220;][vc_column_text el_id=&#8220;offer-link&#8220;]<a href=\"\/de\/in-der-gruppe\/\">Entdecken Sie unsere Angebote<\/a>[\/vc_column_text][\/vc_column][\/vc_row][vc_row el_class=&#8220;offer-detail-row offer-detail-bigger-row&#8220;][vc_column width=&#8220;1\/6&#8243;][\/vc_column][vc_column width=&#8220;2\/3&#8243; css=&#8220;.vc_custom_1675844750422{background-image: url(\/wp-content\/uploads\/2023\/01\/Mask-Group-3.jpg?id=124) !important;}&#8220;][vc_column_text]<\/p>\n<h2 id=\"bonne-adresse\">Sind Sie an der richtigen Adresse?<\/h2>\n<p>[\/vc_column_text][vc_column_text]<\/p>\n<h2 id=\"bonne-sub\" class=\"white\">Wenn Sie im besten Alter sind und eine der folgenden Fragen mit Ja beantworten, sind Sie bei uns an der richtigen Adresse:<\/h2>\n<p>[\/vc_column_text][vc_column_text el_id=&#8220;bonne-item-wrap&#8220;]<\/p>\n<p class=\"bonne-item\">M\u00f6chten Sie pr\u00e4ventiv etwas f\u00fcr Ihre Gesundheit tun?<\/p>\n<p class=\"bonne-item\">M\u00f6chten Sie Ihre k\u00f6rperliche Fitness erhalten oder verbessern?<\/p>\n<p class=\"bonne-item\">M\u00f6chten Sie Ihre Stabilit\u00e4t und Mobilit\u00e4t verbessern?<\/p>\n<p class=\"bonne-item\">M\u00f6chten Sie Ihr Ged\u00e4chtnis trainieren?<\/p>\n<p class=\"bonne-item\">M\u00f6chten Sie Ihre motorischen und kognitiven F\u00e4higkeiten testen lassen?<\/p>\n<p>[\/vc_column_text][vc_row_inner el_id=&#8220;rdv-row&#8220; css=&#8220;.vc_custom_1674640175245{background-image: url(\/wp-content\/uploads\/2023\/01\/Mask-Group-143.png?id=130) !important;}&#8220;][vc_column_inner][vc_column_text el_class=&#8220;white&#8220; css=&#8220;.vc_custom_1675859068760{margin-bottom: 0px !important;}&#8220;]<strong>Vereinbaren Sie einen Termin und lassen Sie sich <a href=\"\/de\/kontakt\/\"><u>beraten<\/u><\/a><\/strong>[\/vc_column_text][\/vc_column_inner][\/vc_row_inner][\/vc_column][vc_column width=&#8220;1\/6&#8243;][\/vc_column][\/vc_row][\/vc_section][vc_section el_class=&#8220;bot-mar-4&#8243;][vc_row el_class=&#8220;emplacement-row&#8220;][vc_column][vc_column_text]<\/p>\n<h2><strong>Standort, Infrastruktur und R\u00e4umlichkeiten:<\/strong><\/h2>\n<p>[\/vc_column_text][\/vc_column][\/vc_row][vc_row el_class=&#8220;emplacement-row&#8220;][vc_column][vc_column_text]<\/p>\n<ul>\n<li>Zentral (Bahnhofsviertel, Rouseg\u00e4ertchen)<\/li>\n<li>Direkter Zugang zu \u00f6ffentlichen Verkehrsmitteln (Bus- und Stra\u00dfenbahnhaltestelle &#8222;Place des Martyrs\/Rouseg\u00e4ertchen&#8220; oder &#8222;Place de Paris\/Zitha&#8220;).<\/li>\n<li>Zahlreiche Parkm\u00f6glichkeiten in der Umgebung<\/li>\n<li>Mehrere Trainingsr\u00e4ume und Praxen<\/li>\n<\/ul>\n<p>[\/vc_column_text][\/vc_column][\/vc_row][\/vc_section]<\/p>\n<\/section>","protected":false},"excerpt":{"rendered":"<p>[vc_section full_width=&#8220;stretch_row_content&#8220; el_id=&#8220;intro&#8220; css=&#8220;.vc_custom_1673866890091{background-image: url(\/wp-content\/uploads\/2023\/01\/Group-561.jpg?id=15) !important;}&#8220;][vc_row full_width=&#8220;stretch_row_content_no_spaces&#8220; disable_element=&#8220;yes&#8220;][vc_column][vc_single_image image=&#8220;15&#8243; img_size=&#8220;full&#8220; alignment=&#8220;center&#8220; css=&#8220;.vc_custom_1673866912080{margin-bottom: 0px !important;}&#8220;][\/vc_column][\/vc_row][vc_row full_width=&#8220;stretch_row_content_no_spaces&#8220;][vc_column][vc_raw_html]JTNDaWZyYW1lJTIwd2lkdGglM0QlMjIxMDAlMjUlMjIlMjBoZWlnaHQlM0QlMjI2MDAlMjIlMjBzcmMlM0QlMjJodHRwcyUzQSUyRiUyRnd3dy55b3V0dWJlLmNvbSUyRmVtYmVkJTJGa01fQ1VweHBmZWMlM0Zjb250cm9scyUzRDAlMjZyZWwlM0QwJTI2bW9kZXN0YnJhbmRpbmclM0QxJTI2YXV0b3BsYXklM0QxJTI2bG9vcCUzRDElMjZwbGF5bGlzdCUzRGtNX0NVcHhwZmVjJTIyJTIyJTIwdGl0bGUlM0QlMjJQcml4JTIwTHV4ZW1ib3VyZ2VvaXMlMjBkZSUyMGxhJTIwUXVhbGl0JUMzJUE5JTIwZXQlMjBkZSUyMGwlMjdFeGNlbGxlbmNlJTIwMjAyNCUyMiUyMGZyYW1lYm9yZGVyJTNEJTIyMCUyMiUyMCUwQSUyMCUyMCUyMCUyMGFsbG93JTNEJTIyYXV0b3BsYXklM0IlMjBlbmNyeXB0ZWQtbWVkaWElMjIlMjAlMEElMjAlMjAlMjAlMjBhbGxvd2Z1bGxzY3JlZW4lM0UlM0MlMkZpZnJhbWUlM0U=[\/vc_raw_html][\/vc_column][\/vc_row][\/vc_section][vc_section][vc_row][vc_column][vc_column_text] Fitness fir Kapp a Kierper [\/vc_column_text][vc_column_text] ZithaAktiv bietet im Centre de<span class=\"excerpt-hellip\"> [\u2026]<\/span><\/p>\n","protected":false},"author":1,"featured_media":0,"parent":0,"menu_order":0,"comment_status":"closed","ping_status":"closed","template":"","meta":{"footnotes":""},"class_list":["post-195","page","type-page","status-publish","hentry"],"yoast_head":"<!-- This site is optimized with the Yoast SEO plugin v20.12 - https:\/\/yoast.com\/wordpress\/plugins\/seo\/ -->\n<title>ZithaAktiv Centre de la m\u00e9moire et de la mobilit\u00e9 Fitness fir Kapp a Kierper<\/title>\n<meta name=\"description\" content=\"ZithaAktiv propose un programme de conseil et d\u2019entra\u00eenement pr\u00e9ventif pour seniors au Centre de la m\u00e9moire et de la mobilit\u00e9.\" \/>\n<meta name=\"robots\" content=\"index, follow, max-snippet:-1, max-image-preview:large, max-video-preview:-1\" \/>\n<link rel=\"canonical\" href=\"https:\/\/zithaaktiv.lu\/de\/\" \/>\n<meta property=\"og:locale\" content=\"de_DE\" \/>\n<meta property=\"og:type\" content=\"article\" \/>\n<meta property=\"og:title\" content=\"ZithaAktiv Centre de la m\u00e9moire et de la mobilit\u00e9 Fitness fir Kapp a Kierper\" \/>\n<meta property=\"og:description\" content=\"ZithaAktiv propose un programme de conseil et d\u2019entra\u00eenement pr\u00e9ventif pour seniors au Centre de la m\u00e9moire et de la mobilit\u00e9.\" \/>\n<meta property=\"og:url\" content=\"https:\/\/zithaaktiv.lu\/de\/\" \/>\n<meta property=\"og:site_name\" content=\"Zitha Aktiv\" \/>\n<meta property=\"article:modified_time\" content=\"2025-01-22T10:25:46+00:00\" \/>\n<meta name=\"twitter:card\" content=\"summary_large_image\" \/>\n<meta name=\"twitter:label1\" content=\"Gesch\u00e4tzte Lesezeit\" \/>\n\t<meta name=\"twitter:data1\" content=\"2\u00a0Minuten\" \/>\n<script type=\"application\/ld+json\" class=\"yoast-schema-graph\">{\"@context\":\"https:\/\/schema.org\",\"@graph\":[{\"@type\":\"WebPage\",\"@id\":\"https:\/\/zithaaktiv.lu\/de\/\",\"url\":\"https:\/\/zithaaktiv.lu\/de\/\",\"name\":\"ZithaAktiv Centre de la m\u00e9moire et de la mobilit\u00e9 Fitness fir Kapp a Kierper\",\"isPartOf\":{\"@id\":\"https:\/\/zithaaktiv.lu\/#website\"},\"datePublished\":\"2023-01-16T11:10:47+00:00\",\"dateModified\":\"2025-01-22T10:25:46+00:00\",\"description\":\"ZithaAktiv propose un programme de conseil et d\u2019entra\u00eenement pr\u00e9ventif pour seniors au Centre de la m\u00e9moire et de la mobilit\u00e9.\",\"breadcrumb\":{\"@id\":\"https:\/\/zithaaktiv.lu\/de\/#breadcrumb\"},\"inLanguage\":\"de\",\"potentialAction\":[{\"@type\":\"ReadAction\",\"target\":[\"https:\/\/zithaaktiv.lu\/de\/\"]}]},{\"@type\":\"BreadcrumbList\",\"@id\":\"https:\/\/zithaaktiv.lu\/de\/#breadcrumb\",\"itemListElement\":[{\"@type\":\"ListItem\",\"position\":1,\"name\":\"Home\",\"item\":\"https:\/\/zithaaktiv.lu\/de\/\"},{\"@type\":\"ListItem\",\"position\":2,\"name\":\"Home\"}]},{\"@type\":\"WebSite\",\"@id\":\"https:\/\/zithaaktiv.lu\/#website\",\"url\":\"https:\/\/zithaaktiv.lu\/\",\"name\":\"Zitha Aktiv\",\"description\":\"\",\"inLanguage\":\"de\"}]}<\/script>\n<!-- \/ Yoast SEO plugin. -->","yoast_head_json":{"title":"ZithaAktiv Centre de la m\u00e9moire et de la mobilit\u00e9 Fitness fir Kapp a Kierper","description":"ZithaAktiv propose un programme de conseil et d\u2019entra\u00eenement pr\u00e9ventif pour seniors au Centre de la m\u00e9moire et de la mobilit\u00e9.","robots":{"index":"index","follow":"follow","max-snippet":"max-snippet:-1","max-image-preview":"max-image-preview:large","max-video-preview":"max-video-preview:-1"},"canonical":"https:\/\/zithaaktiv.lu\/de\/","og_locale":"de_DE","og_type":"article","og_title":"ZithaAktiv Centre de la m\u00e9moire et de la mobilit\u00e9 Fitness fir Kapp a Kierper","og_description":"ZithaAktiv propose un programme de conseil et d\u2019entra\u00eenement pr\u00e9ventif pour seniors au Centre de la m\u00e9moire et de la mobilit\u00e9.","og_url":"https:\/\/zithaaktiv.lu\/de\/","og_site_name":"Zitha Aktiv","article_modified_time":"2025-01-22T10:25:46+00:00","twitter_card":"summary_large_image","twitter_misc":{"Gesch\u00e4tzte Lesezeit":"2\u00a0Minuten"},"schema":{"@context":"https:\/\/schema.org","@graph":[{"@type":"WebPage","@id":"https:\/\/zithaaktiv.lu\/de\/","url":"https:\/\/zithaaktiv.lu\/de\/","name":"ZithaAktiv Centre de la m\u00e9moire et de la mobilit\u00e9 Fitness fir Kapp a Kierper","isPartOf":{"@id":"https:\/\/zithaaktiv.lu\/#website"},"datePublished":"2023-01-16T11:10:47+00:00","dateModified":"2025-01-22T10:25:46+00:00","description":"ZithaAktiv propose un programme de conseil et d\u2019entra\u00eenement pr\u00e9ventif pour seniors au Centre de la m\u00e9moire et de la mobilit\u00e9.","breadcrumb":{"@id":"https:\/\/zithaaktiv.lu\/de\/#breadcrumb"},"inLanguage":"de","potentialAction":[{"@type":"ReadAction","target":["https:\/\/zithaaktiv.lu\/de\/"]}]},{"@type":"BreadcrumbList","@id":"https:\/\/zithaaktiv.lu\/de\/#breadcrumb","itemListElement":[{"@type":"ListItem","position":1,"name":"Home","item":"https:\/\/zithaaktiv.lu\/de\/"},{"@type":"ListItem","position":2,"name":"Home"}]},{"@type":"WebSite","@id":"https:\/\/zithaaktiv.lu\/#website","url":"https:\/\/zithaaktiv.lu\/","name":"Zitha Aktiv","description":"","inLanguage":"de"}]}},"_links":{"self":[{"href":"https:\/\/zithaaktiv.lu\/de\/wp-json\/wp\/v2\/pages\/195","targetHints":{"allow":["GET"]}}],"collection":[{"href":"https:\/\/zithaaktiv.lu\/de\/wp-json\/wp\/v2\/pages"}],"about":[{"href":"https:\/\/zithaaktiv.lu\/de\/wp-json\/wp\/v2\/types\/page"}],"author":[{"embeddable":true,"href":"https:\/\/zithaaktiv.lu\/de\/wp-json\/wp\/v2\/users\/1"}],"replies":[{"embeddable":true,"href":"https:\/\/zithaaktiv.lu\/de\/wp-json\/wp\/v2\/comments?post=195"}],"version-history":[{"count":8,"href":"https:\/\/zithaaktiv.lu\/de\/wp-json\/wp\/v2\/pages\/195\/revisions"}],"predecessor-version":[{"id":274,"href":"https:\/\/zithaaktiv.lu\/de\/wp-json\/wp\/v2\/pages\/195\/revisions\/274"}],"wp:attachment":[{"href":"https:\/\/zithaaktiv.lu\/de\/wp-json\/wp\/v2\/media?parent=195"}],"curies":[{"name":"wp","href":"https:\/\/api.w.org\/{rel}","templated":true}]}}